{"id":9155,"date":"2023-05-26T12:48:25","date_gmt":"2023-05-26T12:48:25","guid":{"rendered":"https:\/\/www.hkdest.se\/?page_id=9155"},"modified":"2024-10-09T12:43:34","modified_gmt":"2024-10-09T12:43:34","slug":"hk-dest-medlem-i-gstc","status":"publish","type":"page","link":"https:\/\/www.hkdest.se\/en\/destinationsutveckling\/hallbarhet\/hk-dest-medlem-i-gstc\/","title":{"rendered":"HK Dest medlem i GSTC"},"content":{"rendered":"<div data-elementor-type=\"wp-page\" data-elementor-id=\"9155\" class=\"elementor elementor-9155\" data-elementor-post-type=\"page\">\n\t\t\t\t<div class=\"elementor-element elementor-element-4116a0a e-con-full e-flex e-con e-parent\" data-id=\"4116a0a\" data-element_type=\"container\" data-e-type=\"container\" data-settings=\"{&quot;background_background&quot;:&quot;classic&quot;}\">\n\t\t<div class=\"elementor-element elementor-element-5869672 e-con-full e-flex elementor-invisible e-con e-child\" data-id=\"5869672\" data-element_type=\"container\" data-e-type=\"container\" data-settings=\"{&quot;animation&quot;:&quot;fadeIn&quot;}\">\n\t\t\t\t<div class=\"elementor-element elementor-element-090f4e2 elementor-align-center elementor-fixed elementor-hidden-tablet elementor-hidden-phone elementor-icon-list--layout-traditional elementor-list-item-link-full_width elementor-widget elementor-widget-icon-list\" data-id=\"090f4e2\" data-element_type=\"widget\" data-e-type=\"widget\" data-settings=\"{&quot;_position&quot;:&quot;fixed&quot;}\" data-widget_type=\"icon-list.default\">\n\t\t\t\t<div class=\"elementor-widget-container\">\n\t\t\t\t\t\t\t<ul class=\"elementor-icon-list-items\">\n\t\t\t\t\t\t\t<li class=\"elementor-icon-list-item\">\n\t\t\t\t\t\t\t\t\t\t\t<span class=\"elementor-icon-list-icon\">\n\t\t\t\t\t\t\t<i aria-hidden=\"true\" class=\"fab fa-facebook-f\"><\/i>\t\t\t\t\t\t<\/span>\n\t\t\t\t\t\t\t\t\t\t<span class=\"elementor-icon-list-text\"><\/span>\n\t\t\t\t\t\t\t\t\t<\/li>\n\t\t\t\t\t\t\t\t<li class=\"elementor-icon-list-item\">\n\t\t\t\t\t\t\t\t\t\t\t<span class=\"elementor-icon-list-icon\">\n\t\t\t\t\t\t\t<i aria-hidden=\"true\" class=\"fab fa-linkedin-in\"><\/i>\t\t\t\t\t\t<\/span>\n\t\t\t\t\t\t\t\t\t\t<span class=\"elementor-icon-list-text\"><\/span>\n\t\t\t\t\t\t\t\t\t<\/li>\n\t\t\t\t\t\t\t\t<li class=\"elementor-icon-list-item\">\n\t\t\t\t\t\t\t\t\t\t\t<span class=\"elementor-icon-list-icon\">\n\t\t\t\t\t\t\t<i aria-hidden=\"true\" class=\"fab fa-twitter\"><\/i>\t\t\t\t\t\t<\/span>\n\t\t\t\t\t\t\t\t\t\t<span class=\"elementor-icon-list-text\"><\/span>\n\t\t\t\t\t\t\t\t\t<\/li>\n\t\t\t\t\t\t\t\t<li class=\"elementor-icon-list-item\">\n\t\t\t\t\t\t\t\t\t\t\t<span class=\"elementor-icon-list-icon\">\n\t\t\t\t\t\t\t<i aria-hidden=\"true\" class=\"fab fa-youtube\"><\/i>\t\t\t\t\t\t<\/span>\n\t\t\t\t\t\t\t\t\t\t<span class=\"elementor-icon-list-text\"><\/span>\n\t\t\t\t\t\t\t\t\t<\/li>\n\t\t\t\t\t\t<\/ul>\n\t\t\t\t\t\t<\/div>\n\t\t\t\t<\/div>\n\t\t\t\t<div class=\"elementor-element elementor-element-f788ace elementor-widget elementor-widget-text-editor\" data-id=\"f788ace\" data-element_type=\"widget\" data-e-type=\"widget\" data-widget_type=\"text-editor.default\">\n\t\t\t\t<div class=\"elementor-widget-container\">\n\t\t\t\t\t\t\t\t\t<a href=\"https:\/\/www.hkdest.se\/en\/projekt\/pagaende-aktivitet\/\" rel=\"tag\">P\u00e5g\u00e5ende aktivitet<\/a>\t\t\t\t\t\t\t\t<\/div>\n\t\t\t\t<\/div>\n\t\t\t\t<div class=\"elementor-element elementor-element-d5dafd0 elementor-widget elementor-widget-heading\" data-id=\"d5dafd0\" data-element_type=\"widget\" data-e-type=\"widget\" data-widget_type=\"heading.default\">\n\t\t\t\t<div class=\"elementor-widget-container\">\n\t\t\t\t\t<h1 class=\"elementor-heading-title elementor-size-default\">H\u00f6ga Kusten Destinationsutveckling medlem i GSTC<\/h1>\t\t\t\t<\/div>\n\t\t\t\t<\/div>\n\t\t\t\t<div class=\"elementor-element elementor-element-abdee6e elementor-widget elementor-widget-text-editor\" data-id=\"abdee6e\" data-element_type=\"widget\" data-e-type=\"widget\" data-widget_type=\"text-editor.default\">\n\t\t\t\t<div class=\"elementor-widget-container\">\n\t\t\t\t\t\t\t\t\t<p>2022 blev H\u00f6ga Kusten Destinationsutveckling medlem i det internationella n\u00e4tverket f\u00f6r h\u00e5llbar turism: Global Sustainable Tourism Council (GSTC)<\/p>\t\t\t\t\t\t\t\t<\/div>\n\t\t\t\t<\/div>\n\t\t\t\t<\/div>\n\t\t<div class=\"elementor-element elementor-element-7ce72eb e-con-full e-flex e-con e-child\" data-id=\"7ce72eb\" data-element_type=\"container\" data-e-type=\"container\">\n\t\t\t\t<\/div>\n\t\t\t\t<\/div>\n\t\t<div class=\"elementor-element elementor-element-cc5a07b e-flex e-con-boxed e-con e-parent\" data-id=\"cc5a07b\" data-element_type=\"container\" data-e-type=\"container\">\n\t\t\t\t\t<div class=\"e-con-inner\">\n\t\t\t\t<div class=\"elementor-element elementor-element-3cb9f5d elementor-widget elementor-widget-text-editor\" data-id=\"3cb9f5d\" data-element_type=\"widget\" data-e-type=\"widget\" data-widget_type=\"text-editor.default\">\n\t\t\t\t<div class=\"elementor-widget-container\">\n\t\t\t\t\t\t\t\t\t<p>Medlemmarna \u00e4r offentliga och privata akt\u00f6rer \u00f6ver hela v\u00e4rlden som arbetar tillsammans f\u00f6r h\u00e5llbar turism ur alla aspekter, milj\u00f6m\u00e4ssigt, socialt och ekonomiskt.<\/p><p>GSTC uppr\u00e4ttar och f\u00f6rvaltar, p\u00e5 uppdrag av FN, globala standarder och kriterier f\u00f6r h\u00e5llbar turism. Genom GSTC har en gemensam internationell standard f\u00f6r h\u00e5llbarhet erh\u00e5llits, d\u00e4r kriterierna \u00e4r organiserade i fyra delar: h\u00e5llbar f\u00f6rvaltning, socioekonomiska effekter f\u00f6r lokalsamh\u00e4llet, bevarande av kulturarv och milj\u00f6p\u00e5verkan. H\u00f6ga Kusten har g\u00e5tt med i n\u00e4tverket f\u00f6r att vi ser vikten av att tillsammans med andra leda branschens utveckling i r\u00e4tt riktning. Vi ser \u00e4ven en f\u00f6rdel i att f\u00e5 kontakt med fler som delar v\u00e5r vilja att utveckla platser p\u00e5 ett l\u00e5ngsiktigt s\u00e4tt och k\u00e4nner en styrka i att b\u00e5de kunna l\u00e4ra av andra som g\u00e5tt f\u00f6re och dela vidare till dem som kommer efter.<\/p>\t\t\t\t\t\t\t\t<\/div>\n\t\t\t\t<\/div>\n\t\t\t\t\t<\/div>\n\t\t\t\t<\/div>\n\t\t<div class=\"elementor-element elementor-element-b7a94b9 e-con-full e-flex e-con e-parent\" data-id=\"b7a94b9\" data-element_type=\"container\" data-e-type=\"container\">\n\t\t<div class=\"elementor-element elementor-element-dacf4e4 e-con-full e-flex e-con e-child\" data-id=\"dacf4e4\" data-element_type=\"container\" data-e-type=\"container\" data-settings=\"{&quot;background_background&quot;:&quot;classic&quot;}\">\n\t\t\t\t<div class=\"elementor-element elementor-element-54db6c7 elementor-widget elementor-widget-image\" data-id=\"54db6c7\" data-element_type=\"widget\" data-e-type=\"widget\" data-widget_type=\"image.default\">\n\t\t\t\t<div class=\"elementor-widget-container\">\n\t\t\t\t\t\t\t\t\t\t\t\t\t\t\t<img fetchpriority=\"high\" decoding=\"async\" width=\"267\" height=\"300\" src=\"https:\/\/www.hkdest.se\/wp-content\/uploads\/2023\/06\/GSTC-Member-logo-transparent-267x300.png\" class=\"attachment-medium size-medium wp-image-9957\" alt=\"\" srcset=\"https:\/\/www.hkdest.se\/wp-content\/uploads\/2023\/06\/GSTC-Member-logo-transparent-267x300.png 267w, https:\/\/www.hkdest.se\/wp-content\/uploads\/2023\/06\/GSTC-Member-logo-transparent-911x1024.png 911w, https:\/\/www.hkdest.se\/wp-content\/uploads\/2023\/06\/GSTC-Member-logo-transparent-768x863.png 768w, https:\/\/www.hkdest.se\/wp-content\/uploads\/2023\/06\/GSTC-Member-logo-transparent-11x12.png 11w, https:\/\/www.hkdest.se\/wp-content\/uploads\/2023\/06\/GSTC-Member-logo-transparent.png 1153w\" sizes=\"(max-width: 267px) 100vw, 267px\" \/>\t\t\t\t\t\t\t\t\t\t\t\t\t\t\t<\/div>\n\t\t\t\t<\/div>\n\t\t<div class=\"elementor-element elementor-element-bfb4a86 e-con-full e-flex e-con e-child\" data-id=\"bfb4a86\" data-element_type=\"container\" data-e-type=\"container\">\n\t\t\t\t<div class=\"elementor-element elementor-element-9c0994e elementor-widget elementor-widget-heading\" data-id=\"9c0994e\" data-element_type=\"widget\" data-e-type=\"widget\" data-widget_type=\"heading.default\">\n\t\t\t\t<div class=\"elementor-widget-container\">\n\t\t\t\t\t<div class=\"elementor-heading-title elementor-size-default\">Bes\u00f6k GSTC:s officiella hemsida f\u00f6r att l\u00e4sa mer om vad n\u00e4tverket g\u00f6r.<\/div>\t\t\t\t<\/div>\n\t\t\t\t<\/div>\n\t\t\t\t<\/div>\n\t\t\t\t<div class=\"elementor-element elementor-element-6a32a56 elementor-align-right elementor-tablet-align-center elementor-widget__width-initial elementor-widget elementor-widget-button\" data-id=\"6a32a56\" data-element_type=\"widget\" data-e-type=\"widget\" data-widget_type=\"button.default\">\n\t\t\t\t<div class=\"elementor-widget-container\">\n\t\t\t\t\t\t\t\t\t<div class=\"elementor-button-wrapper\">\n\t\t\t\t\t<a class=\"elementor-button elementor-button-link elementor-size-md\" href=\"https:\/\/www.gstcouncil.org\/\" target=\"_blank\">\n\t\t\t\t\t\t<span class=\"elementor-button-content-wrapper\">\n\t\t\t\t\t\t<span class=\"elementor-button-icon\">\n\t\t\t\t<i aria-hidden=\"true\" class=\"fas fa-external-link-alt\"><\/i>\t\t\t<\/span>\n\t\t\t\t\t\t\t\t\t<span class=\"elementor-button-text\">Bes\u00f6k hemsida<\/span>\n\t\t\t\t\t<\/span>\n\t\t\t\t\t<\/a>\n\t\t\t\t<\/div>\n\t\t\t\t\t\t\t\t<\/div>\n\t\t\t\t<\/div>\n\t\t\t\t<\/div>\n\t\t\t\t<\/div>\n\t\t<div class=\"elementor-element elementor-element-387c03c e-con-full e-flex e-con e-parent\" data-id=\"387c03c\" data-element_type=\"container\" data-e-type=\"container\" data-settings=\"{&quot;background_background&quot;:&quot;classic&quot;}\">\n\t\t<div class=\"elementor-element elementor-element-bdbf362 e-con-full e-flex e-con e-child\" data-id=\"bdbf362\" data-element_type=\"container\" data-e-type=\"container\">\n\t\t\t\t<div class=\"elementor-element elementor-element-bdecbbd elementor-widget elementor-widget-heading\" data-id=\"bdecbbd\" data-element_type=\"widget\" data-e-type=\"widget\" data-widget_type=\"heading.default\">\n\t\t\t\t<div class=\"elementor-widget-container\">\n\t\t\t\t\t<h2 class=\"elementor-heading-title elementor-size-default\">Useful<\/h2>\t\t\t\t<\/div>\n\t\t\t\t<\/div>\n\t\t\t\t<div class=\"elementor-element elementor-element-cbfa1d3 elementor-widget elementor-widget-text-editor\" data-id=\"cbfa1d3\" data-element_type=\"widget\" data-e-type=\"widget\" data-widget_type=\"text-editor.default\">\n\t\t\t\t<div class=\"elementor-widget-container\">\n\t\t\t\t\t\t\t\t\t<p>H\u00e4r ger vi dig n\u00e5gra fler genv\u00e4gar till andra intressanta sidor.<\/p>\t\t\t\t\t\t\t\t<\/div>\n\t\t\t\t<\/div>\n\t\t\t\t<\/div>\n\t\t<div class=\"elementor-element elementor-element-7f99c01 e-con-full e-flex e-con e-child\" data-id=\"7f99c01\" data-element_type=\"container\" data-e-type=\"container\">\n\t\t\t\t<div class=\"elementor-element elementor-element-9404698 elementor-grid-1 elementor-posts--thumbnail-none elementor-grid-tablet-1 elementor-grid-mobile-1 load-more-align-center elementor-widget elementor-widget-posts\" data-id=\"9404698\" data-element_type=\"widget\" data-e-type=\"widget\" data-settings=\"{&quot;classic_columns&quot;:&quot;1&quot;,&quot;pagination_type&quot;:&quot;load_more_on_click&quot;,&quot;classic_columns_tablet&quot;:&quot;1&quot;,&quot;classic_row_gap&quot;:{&quot;unit&quot;:&quot;px&quot;,&quot;size&quot;:30,&quot;sizes&quot;:[]},&quot;classic_columns_mobile&quot;:&quot;1&quot;,&quot;classic_row_gap_laptop&quot;:{&quot;unit&quot;:&quot;px&quot;,&quot;size&quot;:&quot;&quot;,&quot;sizes&quot;:[]},&quot;classic_row_gap_tablet&quot;:{&quot;unit&quot;:&quot;px&quot;,&quot;size&quot;:&quot;&quot;,&quot;sizes&quot;:[]},&quot;classic_row_gap_mobile&quot;:{&quot;unit&quot;:&quot;px&quot;,&quot;size&quot;:&quot;&quot;,&quot;sizes&quot;:[]},&quot;load_more_spinner&quot;:{&quot;value&quot;:&quot;fas fa-spinner&quot;,&quot;library&quot;:&quot;fa-solid&quot;}}\" data-widget_type=\"posts.classic\">\n\t\t\t\t<div class=\"elementor-widget-container\">\n\t\t\t\t\t\t\t<div class=\"elementor-posts-container elementor-posts elementor-posts--skin-classic elementor-grid\" role=\"list\">\n\t\t\t\t<article class=\"elementor-post elementor-grid-item post-2319 page type-page status-publish has-post-thumbnail hentry kategori-hallbarhet kategori-kompetensforsorjning\" role=\"listitem\">\n\t\t\t\t<div class=\"elementor-post__text\">\n\t\t\t\t<h4 class=\"elementor-post__title\">\n\t\t\t<a href=\"https:\/\/www.hkdest.se\/en\/verktygslada\/utbildningar-kurser\/\" >\n\t\t\t\tUtbildningar &#038; kurser\t\t\t<\/a>\n\t\t<\/h4>\n\t\t\t\t<div class=\"elementor-post__excerpt\">\n\t\t\t<p>Ta del av v\u00e4rdefulla utbildningar f\u00f6r dig och din personal. T.ex v\u00e4rdskaps- och destinationsutbildningar.<\/p>\n\t\t<\/div>\n\t\t\t\t<\/div>\n\t\t\t\t<\/article>\n\t\t\t\t<article class=\"elementor-post elementor-grid-item post-9155 page type-page status-publish has-post-thumbnail hentry projekt-pagaende-aktivitet kategori-hallbarhet\" role=\"listitem\">\n\t\t\t\t<div class=\"elementor-post__text\">\n\t\t\t\t<h4 class=\"elementor-post__title\">\n\t\t\t<a href=\"https:\/\/www.hkdest.se\/en\/destinationsutveckling\/hallbarhet\/hk-dest-medlem-i-gstc\/\" >\n\t\t\t\tHK Dest medlem i GSTC\t\t\t<\/a>\n\t\t<\/h4>\n\t\t\t\t<div class=\"elementor-post__excerpt\">\n\t\t\t<p>H\u00f6ga Kusten Destinationsutveckling \u00e4r medlem i det internationella n\u00e4tverket f\u00f6r h\u00e5llbar turism: Global Sustainable Tourism Council (GSTC).<\/p>\n\t\t<\/div>\n\t\t\t\t<\/div>\n\t\t\t\t<\/article>\n\t\t\t\t<article class=\"elementor-post elementor-grid-item post-14892 page type-page status-publish has-post-thumbnail hentry projekt-pagaende kategori-destinationsutveckling kategori-hallbarhet kategori-marknadsforing kategori-vardskap\" role=\"listitem\">\n\t\t\t\t<div class=\"elementor-post__text\">\n\t\t\t\t<h4 class=\"elementor-post__title\">\n\t\t\t<a href=\"https:\/\/www.hkdest.se\/en\/destinationsutveckling\/projekt\/digital-innovation-och-hallbar-tillvaxt-i-hoga-kusten\/\" >\n\t\t\t\tDigital Innovation och H\u00e5llbar Tillv\u00e4xt i H\u00f6ga Kusten\t\t\t<\/a>\n\t\t<\/h4>\n\t\t\t\t<div class=\"elementor-post__excerpt\">\n\t\t\t<p>Projektet handlar om att hj\u00e4lpa sm\u00e5 och medelstora f\u00f6retag inom bes\u00f6ksn\u00e4ringen i H\u00f6ga Kusten att bli mer h\u00e5llbara, innovativa och konkurrenskraftiga. Genom strategiska analyser, smarta tekniska l\u00f6sningar och b\u00e4ttre marknadsf\u00f6ring ska vi \u00f6ka kunskapen om hur bes\u00f6ksn\u00e4ringen skapar v\u00e4rde och st\u00e4rka f\u00f6retagens m\u00f6jligheter att v\u00e4xa.<\/p>\n\t\t<\/div>\n\t\t\t\t<\/div>\n\t\t\t\t<\/article>\n\t\t\t\t<\/div>\n\t\t\t\t\t<span class=\"e-load-more-spinner\">\n\t\t\t\t<i aria-hidden=\"true\" class=\"fas fa-spinner\"><\/i>\t\t\t<\/span>\n\t\t\n\t\t\t\t\t\t<\/div>\n\t\t\t\t<\/div>\n\t\t\t\t<\/div>\n\t\t\t\t<\/div>\n\t\t\t\t<\/div>","protected":false},"excerpt":{"rendered":"<p>H\u00f6ga Kusten Destinationsutveckling \u00e4r medlem i det internationella n\u00e4tverket f\u00f6r h\u00e5llbar turism: Global Sustainable Tourism Council (GSTC).<\/p>","protected":false},"author":1,"featured_media":9957,"parent":9073,"menu_order":0,"comment_status":"closed","ping_status":"closed","template":"","meta":{"inline_featured_image":false,"footnotes":""},"projekt":[42],"kategori":[44],"class_list":["post-9155","page","type-page","status-publish","has-post-thumbnail","hentry","projekt-pagaende-aktivitet","kategori-hallbarhet"],"yoast_head":"<!-- This site is optimized with the Yoast SEO plugin v27.5 - https:\/\/yoast.com\/product\/yoast-seo-wordpress\/ -->\n<title>HK Dest medlem i GSTC - H\u00f6ga Kusten Destinationsutveckling<\/title>\n<meta name=\"robots\" content=\"index, follow, max-snippet:-1, max-image-preview:large, max-video-preview:-1\" \/>\n<link rel=\"canonical\" href=\"https:\/\/www.hkdest.se\/en\/destinationsutveckling\/hallbarhet\/hk-dest-medlem-i-gstc\/\" \/>\n<meta property=\"og:locale\" content=\"en_US\" \/>\n<meta property=\"og:type\" content=\"article\" \/>\n<meta property=\"og:title\" content=\"HK Dest medlem i GSTC - H\u00f6ga Kusten Destinationsutveckling\" \/>\n<meta property=\"og:description\" content=\"H\u00f6ga Kusten Destinationsutveckling \u00e4r medlem i det internationella n\u00e4tverket f\u00f6r h\u00e5llbar turism: Global Sustainable Tourism Council (GSTC).\" \/>\n<meta property=\"og:url\" content=\"https:\/\/www.hkdest.se\/en\/destinationsutveckling\/hallbarhet\/hk-dest-medlem-i-gstc\/\" \/>\n<meta property=\"og:site_name\" content=\"H\u00f6ga Kusten Destinationsutveckling\" \/>\n<meta property=\"article:publisher\" content=\"https:\/\/www.facebook.com\/hogakusten\" \/>\n<meta property=\"article:modified_time\" content=\"2024-10-09T12:43:34+00:00\" \/>\n<meta property=\"og:image\" content=\"https:\/\/www.hkdest.se\/wp-content\/uploads\/2023\/06\/GSTC-Member-logo-transparent.png\" \/>\n\t<meta property=\"og:image:width\" content=\"1153\" \/>\n\t<meta property=\"og:image:height\" content=\"1296\" \/>\n\t<meta property=\"og:image:type\" content=\"image\/png\" \/>\n<meta name=\"twitter:card\" content=\"summary_large_image\" \/>\n<meta name=\"twitter:label1\" content=\"Est. reading time\" \/>\n\t<meta name=\"twitter:data1\" content=\"2 minutes\" \/>\n<script type=\"application\/ld+json\" class=\"yoast-schema-graph\">{\"@context\":\"https:\\\/\\\/schema.org\",\"@graph\":[{\"@type\":\"WebPage\",\"@id\":\"https:\\\/\\\/www.hkdest.se\\\/destinationsutveckling\\\/hallbarhet\\\/hk-dest-medlem-i-gstc\\\/\",\"url\":\"https:\\\/\\\/www.hkdest.se\\\/destinationsutveckling\\\/hallbarhet\\\/hk-dest-medlem-i-gstc\\\/\",\"name\":\"HK Dest medlem i GSTC - H\u00f6ga Kusten Destinationsutveckling\",\"isPartOf\":{\"@id\":\"https:\\\/\\\/www.hkdest.se\\\/#website\"},\"primaryImageOfPage\":{\"@id\":\"https:\\\/\\\/www.hkdest.se\\\/destinationsutveckling\\\/hallbarhet\\\/hk-dest-medlem-i-gstc\\\/#primaryimage\"},\"image\":{\"@id\":\"https:\\\/\\\/www.hkdest.se\\\/destinationsutveckling\\\/hallbarhet\\\/hk-dest-medlem-i-gstc\\\/#primaryimage\"},\"thumbnailUrl\":\"https:\\\/\\\/www.hkdest.se\\\/wp-content\\\/uploads\\\/2023\\\/06\\\/GSTC-Member-logo-transparent.png\",\"datePublished\":\"2023-05-26T12:48:25+00:00\",\"dateModified\":\"2024-10-09T12:43:34+00:00\",\"breadcrumb\":{\"@id\":\"https:\\\/\\\/www.hkdest.se\\\/destinationsutveckling\\\/hallbarhet\\\/hk-dest-medlem-i-gstc\\\/#breadcrumb\"},\"inLanguage\":\"en-US\",\"potentialAction\":[{\"@type\":\"ReadAction\",\"target\":[\"https:\\\/\\\/www.hkdest.se\\\/destinationsutveckling\\\/hallbarhet\\\/hk-dest-medlem-i-gstc\\\/\"]}]},{\"@type\":\"ImageObject\",\"inLanguage\":\"en-US\",\"@id\":\"https:\\\/\\\/www.hkdest.se\\\/destinationsutveckling\\\/hallbarhet\\\/hk-dest-medlem-i-gstc\\\/#primaryimage\",\"url\":\"https:\\\/\\\/www.hkdest.se\\\/wp-content\\\/uploads\\\/2023\\\/06\\\/GSTC-Member-logo-transparent.png\",\"contentUrl\":\"https:\\\/\\\/www.hkdest.se\\\/wp-content\\\/uploads\\\/2023\\\/06\\\/GSTC-Member-logo-transparent.png\",\"width\":1153,\"height\":1296},{\"@type\":\"BreadcrumbList\",\"@id\":\"https:\\\/\\\/www.hkdest.se\\\/destinationsutveckling\\\/hallbarhet\\\/hk-dest-medlem-i-gstc\\\/#breadcrumb\",\"itemListElement\":[{\"@type\":\"ListItem\",\"position\":1,\"name\":\"Hem\",\"item\":\"https:\\\/\\\/www.hkdest.se\\\/\"},{\"@type\":\"ListItem\",\"position\":2,\"name\":\"Destinationsutveckling\",\"item\":\"https:\\\/\\\/www.hkdest.se\\\/destinationsutveckling\\\/\"},{\"@type\":\"ListItem\",\"position\":3,\"name\":\"H\u00e5llbarhet\",\"item\":\"https:\\\/\\\/www.hkdest.se\\\/destinationsutveckling\\\/hallbarhet\\\/\"},{\"@type\":\"ListItem\",\"position\":4,\"name\":\"HK Dest medlem i GSTC\"}]},{\"@type\":\"WebSite\",\"@id\":\"https:\\\/\\\/www.hkdest.se\\\/#website\",\"url\":\"https:\\\/\\\/www.hkdest.se\\\/\",\"name\":\"H\u00f6ga Kusten Destinationsutveckling\",\"description\":\"Tillsammans bygger vi framtidens H\u00f6ga Kusten\",\"publisher\":{\"@id\":\"https:\\\/\\\/www.hkdest.se\\\/#organization\"},\"potentialAction\":[{\"@type\":\"SearchAction\",\"target\":{\"@type\":\"EntryPoint\",\"urlTemplate\":\"https:\\\/\\\/www.hkdest.se\\\/?s={search_term_string}\"},\"query-input\":{\"@type\":\"PropertyValueSpecification\",\"valueRequired\":true,\"valueName\":\"search_term_string\"}}],\"inLanguage\":\"en-US\"},{\"@type\":\"Organization\",\"@id\":\"https:\\\/\\\/www.hkdest.se\\\/#organization\",\"name\":\"H\u00f6ga Kusten Destinationsutveckling\",\"url\":\"https:\\\/\\\/www.hkdest.se\\\/\",\"logo\":{\"@type\":\"ImageObject\",\"inLanguage\":\"en-US\",\"@id\":\"https:\\\/\\\/www.hkdest.se\\\/#\\\/schema\\\/logo\\\/image\\\/\",\"url\":\"https:\\\/\\\/www.hkdest.se\\\/wp-content\\\/uploads\\\/2021\\\/10\\\/cropped-HK_Dest_LOGOTYP_color_liten_Rityta-1.png\",\"contentUrl\":\"https:\\\/\\\/www.hkdest.se\\\/wp-content\\\/uploads\\\/2021\\\/10\\\/cropped-HK_Dest_LOGOTYP_color_liten_Rityta-1.png\",\"width\":286,\"height\":300,\"caption\":\"H\u00f6ga Kusten Destinationsutveckling\"},\"image\":{\"@id\":\"https:\\\/\\\/www.hkdest.se\\\/#\\\/schema\\\/logo\\\/image\\\/\"},\"sameAs\":[\"https:\\\/\\\/www.facebook.com\\\/hogakusten\"]}]}<\/script>\n<!-- \/ Yoast SEO plugin. -->","yoast_head_json":{"title":"HK Dest medlem i GSTC - H\u00f6ga Kusten Destinationsutveckling","robots":{"index":"index","follow":"follow","max-snippet":"max-snippet:-1","max-image-preview":"max-image-preview:large","max-video-preview":"max-video-preview:-1"},"canonical":"https:\/\/www.hkdest.se\/en\/destinationsutveckling\/hallbarhet\/hk-dest-medlem-i-gstc\/","og_locale":"en_US","og_type":"article","og_title":"HK Dest medlem i GSTC - H\u00f6ga Kusten Destinationsutveckling","og_description":"H\u00f6ga Kusten Destinationsutveckling \u00e4r medlem i det internationella n\u00e4tverket f\u00f6r h\u00e5llbar turism: Global Sustainable Tourism Council (GSTC).","og_url":"https:\/\/www.hkdest.se\/en\/destinationsutveckling\/hallbarhet\/hk-dest-medlem-i-gstc\/","og_site_name":"H\u00f6ga Kusten Destinationsutveckling","article_publisher":"https:\/\/www.facebook.com\/hogakusten","article_modified_time":"2024-10-09T12:43:34+00:00","og_image":[{"width":1153,"height":1296,"url":"https:\/\/www.hkdest.se\/wp-content\/uploads\/2023\/06\/GSTC-Member-logo-transparent.png","type":"image\/png"}],"twitter_card":"summary_large_image","twitter_misc":{"Est. reading time":"2 minutes"},"schema":{"@context":"https:\/\/schema.org","@graph":[{"@type":"WebPage","@id":"https:\/\/www.hkdest.se\/destinationsutveckling\/hallbarhet\/hk-dest-medlem-i-gstc\/","url":"https:\/\/www.hkdest.se\/destinationsutveckling\/hallbarhet\/hk-dest-medlem-i-gstc\/","name":"HK Dest medlem i GSTC - H\u00f6ga Kusten Destinationsutveckling","isPartOf":{"@id":"https:\/\/www.hkdest.se\/#website"},"primaryImageOfPage":{"@id":"https:\/\/www.hkdest.se\/destinationsutveckling\/hallbarhet\/hk-dest-medlem-i-gstc\/#primaryimage"},"image":{"@id":"https:\/\/www.hkdest.se\/destinationsutveckling\/hallbarhet\/hk-dest-medlem-i-gstc\/#primaryimage"},"thumbnailUrl":"https:\/\/www.hkdest.se\/wp-content\/uploads\/2023\/06\/GSTC-Member-logo-transparent.png","datePublished":"2023-05-26T12:48:25+00:00","dateModified":"2024-10-09T12:43:34+00:00","breadcrumb":{"@id":"https:\/\/www.hkdest.se\/destinationsutveckling\/hallbarhet\/hk-dest-medlem-i-gstc\/#breadcrumb"},"inLanguage":"en-US","potentialAction":[{"@type":"ReadAction","target":["https:\/\/www.hkdest.se\/destinationsutveckling\/hallbarhet\/hk-dest-medlem-i-gstc\/"]}]},{"@type":"ImageObject","inLanguage":"en-US","@id":"https:\/\/www.hkdest.se\/destinationsutveckling\/hallbarhet\/hk-dest-medlem-i-gstc\/#primaryimage","url":"https:\/\/www.hkdest.se\/wp-content\/uploads\/2023\/06\/GSTC-Member-logo-transparent.png","contentUrl":"https:\/\/www.hkdest.se\/wp-content\/uploads\/2023\/06\/GSTC-Member-logo-transparent.png","width":1153,"height":1296},{"@type":"BreadcrumbList","@id":"https:\/\/www.hkdest.se\/destinationsutveckling\/hallbarhet\/hk-dest-medlem-i-gstc\/#breadcrumb","itemListElement":[{"@type":"ListItem","position":1,"name":"Hem","item":"https:\/\/www.hkdest.se\/"},{"@type":"ListItem","position":2,"name":"Destinationsutveckling","item":"https:\/\/www.hkdest.se\/destinationsutveckling\/"},{"@type":"ListItem","position":3,"name":"H\u00e5llbarhet","item":"https:\/\/www.hkdest.se\/destinationsutveckling\/hallbarhet\/"},{"@type":"ListItem","position":4,"name":"HK Dest medlem i GSTC"}]},{"@type":"WebSite","@id":"https:\/\/www.hkdest.se\/#website","url":"https:\/\/www.hkdest.se\/","name":"H\u00f6ga Kusten Destinationsutveckling","description":"Tillsammans bygger vi framtidens H\u00f6ga Kusten","publisher":{"@id":"https:\/\/www.hkdest.se\/#organization"},"potentialAction":[{"@type":"SearchAction","target":{"@type":"EntryPoint","urlTemplate":"https:\/\/www.hkdest.se\/?s={search_term_string}"},"query-input":{"@type":"PropertyValueSpecification","valueRequired":true,"valueName":"search_term_string"}}],"inLanguage":"en-US"},{"@type":"Organization","@id":"https:\/\/www.hkdest.se\/#organization","name":"H\u00f6ga Kusten Destinationsutveckling","url":"https:\/\/www.hkdest.se\/","logo":{"@type":"ImageObject","inLanguage":"en-US","@id":"https:\/\/www.hkdest.se\/#\/schema\/logo\/image\/","url":"https:\/\/www.hkdest.se\/wp-content\/uploads\/2021\/10\/cropped-HK_Dest_LOGOTYP_color_liten_Rityta-1.png","contentUrl":"https:\/\/www.hkdest.se\/wp-content\/uploads\/2021\/10\/cropped-HK_Dest_LOGOTYP_color_liten_Rityta-1.png","width":286,"height":300,"caption":"H\u00f6ga Kusten Destinationsutveckling"},"image":{"@id":"https:\/\/www.hkdest.se\/#\/schema\/logo\/image\/"},"sameAs":["https:\/\/www.facebook.com\/hogakusten"]}]}},"_links":{"self":[{"href":"https:\/\/www.hkdest.se\/en\/wp-json\/wp\/v2\/pages\/9155","targetHints":{"allow":["GET"]}}],"collection":[{"href":"https:\/\/www.hkdest.se\/en\/wp-json\/wp\/v2\/pages"}],"about":[{"href":"https:\/\/www.hkdest.se\/en\/wp-json\/wp\/v2\/types\/page"}],"author":[{"embeddable":true,"href":"https:\/\/www.hkdest.se\/en\/wp-json\/wp\/v2\/users\/1"}],"replies":[{"embeddable":true,"href":"https:\/\/www.hkdest.se\/en\/wp-json\/wp\/v2\/comments?post=9155"}],"version-history":[{"count":20,"href":"https:\/\/www.hkdest.se\/en\/wp-json\/wp\/v2\/pages\/9155\/revisions"}],"predecessor-version":[{"id":15364,"href":"https:\/\/www.hkdest.se\/en\/wp-json\/wp\/v2\/pages\/9155\/revisions\/15364"}],"up":[{"embeddable":true,"href":"https:\/\/www.hkdest.se\/en\/wp-json\/wp\/v2\/pages\/9073"}],"wp:featuredmedia":[{"embeddable":true,"href":"https:\/\/www.hkdest.se\/en\/wp-json\/wp\/v2\/media\/9957"}],"wp:attachment":[{"href":"https:\/\/www.hkdest.se\/en\/wp-json\/wp\/v2\/media?parent=9155"}],"wp:term":[{"taxonomy":"projekt","embeddable":true,"href":"https:\/\/www.hkdest.se\/en\/wp-json\/wp\/v2\/projekt?post=9155"},{"taxonomy":"kategori","embeddable":true,"href":"https:\/\/www.hkdest.se\/en\/wp-json\/wp\/v2\/kategori?post=9155"}],"curies":[{"name":"wp","href":"https:\/\/api.w.org\/{rel}","templated":true}]}}