{"id":3,"date":"2021-03-29T07:21:59","date_gmt":"2021-03-29T07:21:59","guid":{"rendered":"http:\/\/www.hkdest.se\/?page_id=3"},"modified":"2022-02-28T12:38:20","modified_gmt":"2022-02-28T12:38:20","slug":"integritetspolicy","status":"publish","type":"page","link":"https:\/\/www.hkdest.se\/en\/om\/integritetspolicy\/","title":{"rendered":"Integritetspolicy"},"content":{"rendered":"<div data-elementor-type=\"wp-page\" data-elementor-id=\"3\" class=\"elementor elementor-3\" data-elementor-post-type=\"page\">\n\t\t\t\t\t\t<section class=\"elementor-section elementor-top-section elementor-element elementor-element-60b42b66 elementor-section-height-min-height elementor-section-items-stretch elementor-section-full_width elementor-section-height-default\" data-id=\"60b42b66\" data-element_type=\"section\" data-e-type=\"section\" data-settings=\"{&quot;background_background&quot;:&quot;classic&quot;}\">\n\t\t\t\t\t\t<div class=\"elementor-container elementor-column-gap-default\">\n\t\t\t\t\t<div class=\"elementor-column elementor-col-33 elementor-top-column elementor-element elementor-element-3fbe7062\" data-id=\"3fbe7062\" data-element_type=\"column\" data-e-type=\"column\" data-settings=\"{&quot;background_background&quot;:&quot;classic&quot;}\">\n\t\t\t<div class=\"elementor-widget-wrap elementor-element-populated\">\n\t\t\t\t\t\t<div class=\"elementor-element elementor-element-61bea4e5 elementor-align-start elementor-widget__width-auto elementor-fixed elementor-hidden-tablet elementor-hidden-phone elementor-icon-list--layout-traditional elementor-list-item-link-full_width elementor-widget elementor-widget-global elementor-global-728 elementor-widget-icon-list\" data-id=\"61bea4e5\" data-element_type=\"widget\" data-e-type=\"widget\" data-settings=\"{&quot;_position&quot;:&quot;fixed&quot;}\" data-widget_type=\"icon-list.default\">\n\t\t\t\t<div class=\"elementor-widget-container\">\n\t\t\t\t\t\t\t<ul class=\"elementor-icon-list-items\">\n\t\t\t\t\t\t\t<li class=\"elementor-icon-list-item\">\n\t\t\t\t\t\t\t\t\t\t\t<span class=\"elementor-icon-list-icon\">\n\t\t\t\t\t\t\t<i aria-hidden=\"true\" class=\"fab fa-facebook-f\"><\/i>\t\t\t\t\t\t<\/span>\n\t\t\t\t\t\t\t\t\t\t<span class=\"elementor-icon-list-text\"><\/span>\n\t\t\t\t\t\t\t\t\t<\/li>\n\t\t\t\t\t\t\t\t<li class=\"elementor-icon-list-item\">\n\t\t\t\t\t\t\t\t\t\t\t<span class=\"elementor-icon-list-icon\">\n\t\t\t\t\t\t\t<i aria-hidden=\"true\" class=\"fab fa-linkedin-in\"><\/i>\t\t\t\t\t\t<\/span>\n\t\t\t\t\t\t\t\t\t\t<span class=\"elementor-icon-list-text\"><\/span>\n\t\t\t\t\t\t\t\t\t<\/li>\n\t\t\t\t\t\t\t\t<li class=\"elementor-icon-list-item\">\n\t\t\t\t\t\t\t\t\t\t\t<span class=\"elementor-icon-list-icon\">\n\t\t\t\t\t\t\t<i aria-hidden=\"true\" class=\"fab fa-twitter\"><\/i>\t\t\t\t\t\t<\/span>\n\t\t\t\t\t\t\t\t\t\t<span class=\"elementor-icon-list-text\"><\/span>\n\t\t\t\t\t\t\t\t\t<\/li>\n\t\t\t\t\t\t\t\t<li class=\"elementor-icon-list-item\">\n\t\t\t\t\t\t\t\t\t\t\t<span class=\"elementor-icon-list-icon\">\n\t\t\t\t\t\t\t<i aria-hidden=\"true\" class=\"fab fa-youtube\"><\/i>\t\t\t\t\t\t<\/span>\n\t\t\t\t\t\t\t\t\t\t<span class=\"elementor-icon-list-text\"><\/span>\n\t\t\t\t\t\t\t\t\t<\/li>\n\t\t\t\t\t\t<\/ul>\n\t\t\t\t\t\t<\/div>\n\t\t\t\t<\/div>\n\t\t\t\t\t<\/div>\n\t\t<\/div>\n\t\t\t\t<div class=\"elementor-column elementor-col-33 elementor-top-column elementor-element elementor-element-59e6b17f elementor-invisible\" data-id=\"59e6b17f\" data-element_type=\"column\" data-e-type=\"column\" data-settings=\"{&quot;background_background&quot;:&quot;classic&quot;,&quot;animation&quot;:&quot;fadeIn&quot;}\">\n\t\t\t<div class=\"elementor-widget-wrap elementor-element-populated\">\n\t\t\t\t\t\t<div class=\"elementor-element elementor-element-16ce79ef elementor-widget elementor-widget-heading\" data-id=\"16ce79ef\" data-element_type=\"widget\" data-e-type=\"widget\" data-widget_type=\"heading.default\">\n\t\t\t\t<div class=\"elementor-widget-container\">\n\t\t\t\t\t<h1 class=\"elementor-heading-title elementor-size-default\">Integritetspolicy<\/h1>\t\t\t\t<\/div>\n\t\t\t\t<\/div>\n\t\t\t\t\t<\/div>\n\t\t<\/div>\n\t\t\t\t<div class=\"elementor-column elementor-col-33 elementor-top-column elementor-element elementor-element-b4c650c\" data-id=\"b4c650c\" data-element_type=\"column\" data-e-type=\"column\">\n\t\t\t<div class=\"elementor-widget-wrap\">\n\t\t\t\t\t\t\t<\/div>\n\t\t<\/div>\n\t\t\t\t\t<\/div>\n\t\t<\/section>\n\t\t\t\t<section class=\"elementor-section elementor-top-section elementor-element elementor-element-3fb139cb elementor-section-boxed elementor-section-height-default elementor-section-height-default\" data-id=\"3fb139cb\" data-element_type=\"section\" data-e-type=\"section\">\n\t\t\t\t\t\t<div class=\"elementor-container elementor-column-gap-default\">\n\t\t\t\t\t<div class=\"elementor-column elementor-col-100 elementor-top-column elementor-element elementor-element-2ebc50c2\" data-id=\"2ebc50c2\" data-element_type=\"column\" data-e-type=\"column\">\n\t\t\t<div class=\"elementor-widget-wrap elementor-element-populated\">\n\t\t\t\t\t\t<div class=\"elementor-element elementor-element-25ddec81 elementor-widget elementor-widget-heading\" data-id=\"25ddec81\" data-element_type=\"widget\" data-e-type=\"widget\" data-widget_type=\"heading.default\">\n\t\t\t\t<div class=\"elementor-widget-container\">\n\t\t\t\t\t<h4 class=\"elementor-heading-title elementor-size-default\">Personuppgiftsansvar<\/h4>\t\t\t\t<\/div>\n\t\t\t\t<\/div>\n\t\t\t\t<div class=\"elementor-element elementor-element-56b27d51 elementor-widget elementor-widget-text-editor\" data-id=\"56b27d51\" data-element_type=\"widget\" data-e-type=\"widget\" data-widget_type=\"text-editor.default\">\n\t\t\t\t<div class=\"elementor-widget-container\">\n\t\t\t\t\t\t\t\t\t<p>Syftet med denna policy \u00e4r att s\u00e4kerst\u00e4lla att H\u00f6ga Kusten Destinationsutveckling AB hanterar personuppgifter i enlighet med EUs dataskyddsf\u00f6rordning (General Data Protection Regulation \u2013 GDPR) som b\u00f6rjar g\u00e4lla den 25 maj 2018. Policyn omfattar alla behandlingar d\u00e4r personuppgifter hanteras.<\/p><p>H\u00f6ga Kusten Destinationsutveckling AB, organisationsnummer\u00a0556961-4067 nedan kallat \u201dbolaget\u201d \u00e4r personuppgiftsansvarig f\u00f6r behandlingen av personuppgifter och f\u00f6r behandlingen av personuppgifter som sker inom ramen f\u00f6r bolagets verksamhet. Information om hur du kontaktar oss finns under Kontakt p\u00e5 hemsidan.<\/p>\t\t\t\t\t\t\t\t<\/div>\n\t\t\t\t<\/div>\n\t\t\t\t<div class=\"elementor-element elementor-element-3857fde elementor-widget elementor-widget-heading\" data-id=\"3857fde\" data-element_type=\"widget\" data-e-type=\"widget\" data-widget_type=\"heading.default\">\n\t\t\t\t<div class=\"elementor-widget-container\">\n\t\t\t\t\t<h4 class=\"elementor-heading-title elementor-size-default\">Offentlighetsprincipen<\/h4>\t\t\t\t<\/div>\n\t\t\t\t<\/div>\n\t\t\t\t<div class=\"elementor-element elementor-element-51a8f8e8 elementor-widget elementor-widget-text-editor\" data-id=\"51a8f8e8\" data-element_type=\"widget\" data-e-type=\"widget\" data-widget_type=\"text-editor.default\">\n\t\t\t\t<div class=\"elementor-widget-container\">\n\t\t\t\t\t\t\t\t\t<p>H\u00f6ga Kusten Destinationsutveckling AB \u00e4r ett kommunalt bolag som har till uppgift att fr\u00e4mja den strategiska utvecklingen av bes\u00f6ksn\u00e4ringen i H\u00f6ga Kusten. Bolaget \u00e4gs av de fyra kommunerna H\u00e4rn\u00f6sand, Kramfors, Sollefte\u00e5 och \u00d6rnsk\u00f6ldsvik. I och med offentlighetsprincipen blir meddelanden som skickas till oss allm\u00e4nna handlingar.<\/p>\t\t\t\t\t\t\t\t<\/div>\n\t\t\t\t<\/div>\n\t\t\t\t<div class=\"elementor-element elementor-element-6e05ae4c elementor-widget elementor-widget-heading\" data-id=\"6e05ae4c\" data-element_type=\"widget\" data-e-type=\"widget\" data-widget_type=\"heading.default\">\n\t\t\t\t<div class=\"elementor-widget-container\">\n\t\t\t\t\t<h4 class=\"elementor-heading-title elementor-size-default\">Varf\u00f6r behandlar vi dina personuppgifter?<\/h4>\t\t\t\t<\/div>\n\t\t\t\t<\/div>\n\t\t\t\t<div class=\"elementor-element elementor-element-f843170 elementor-widget elementor-widget-text-editor\" data-id=\"f843170\" data-element_type=\"widget\" data-e-type=\"widget\" data-widget_type=\"text-editor.default\">\n\t\t\t\t<div class=\"elementor-widget-container\">\n\t\t\t\t\t\t\t\t\t<p>F\u00f6r att bolaget ska kunna bedriva sin verksamhet behandlas personuppgifter f\u00f6r olika \u00e4ndam\u00e5l kopplade till verksamheten.<\/p>\t\t\t\t\t\t\t\t<\/div>\n\t\t\t\t<\/div>\n\t\t\t\t<div class=\"elementor-element elementor-element-5ebf40a elementor-widget elementor-widget-heading\" data-id=\"5ebf40a\" data-element_type=\"widget\" data-e-type=\"widget\" data-widget_type=\"heading.default\">\n\t\t\t\t<div class=\"elementor-widget-container\">\n\t\t\t\t\t<h4 class=\"elementor-heading-title elementor-size-default\">Vilka personuppgifter behandlar vi?<\/h4>\t\t\t\t<\/div>\n\t\t\t\t<\/div>\n\t\t\t\t<div class=\"elementor-element elementor-element-67b402c elementor-widget elementor-widget-text-editor\" data-id=\"67b402c\" data-element_type=\"widget\" data-e-type=\"widget\" data-widget_type=\"text-editor.default\">\n\t\t\t\t<div class=\"elementor-widget-container\">\n\t\t\t\t\t\t\t\t\t<ul><li>F\u00f6rnamn och efternamn<\/li><li>F\u00f6retag<\/li><li>E-postadress<\/li><li>Telefonnummer och adress till arbete<\/li><li>Titel<\/li><\/ul>\t\t\t\t\t\t\t\t<\/div>\n\t\t\t\t<\/div>\n\t\t\t\t<div class=\"elementor-element elementor-element-8b97e48 elementor-widget elementor-widget-heading\" data-id=\"8b97e48\" data-element_type=\"widget\" data-e-type=\"widget\" data-widget_type=\"heading.default\">\n\t\t\t\t<div class=\"elementor-widget-container\">\n\t\t\t\t\t<h4 class=\"elementor-heading-title elementor-size-default\">F\u00f6r vilka \u00e4ndam\u00e5l behandlas personuppgifter?<\/h4>\t\t\t\t<\/div>\n\t\t\t\t<\/div>\n\t\t\t\t<div class=\"elementor-element elementor-element-cf017ba elementor-widget elementor-widget-text-editor\" data-id=\"cf017ba\" data-element_type=\"widget\" data-e-type=\"widget\" data-widget_type=\"text-editor.default\">\n\t\t\t\t<div class=\"elementor-widget-container\">\n\t\t\t\t\t\t\t\t\t<ul><li>Personuppgifter som l\u00e4mnas i samband med prenumeration av v\u00e5ra olika nyhetsbrev sparas bara s\u00e5 l\u00e4nge som du \u00e4r prenumerant. N\u00e4r du avanm\u00e4ler dig s\u00e5 tar vi bort dina personuppgifter.<\/li><li>Personuppgifter som l\u00e4mnas i samband med anm\u00e4lningar till utbildningar, kurser, events, evenemang, aktiviteter och konferenser sparas bara s\u00e5 l\u00e4nge som det kr\u00e4vs f\u00f6r administration samt uppf\u00f6ljning, det vill s\u00e4ga utskick av kursmaterial och utv\u00e4rderingsenk\u00e4ter etc.\u00a0I de fall vi tar betalt f\u00f6r utbildningar, kurser, events, evenemang, aktiviteter och konferenser sparas fakturaunderlaget enligt g\u00e4llande bokf\u00f6ringsregler.<\/li><li>Personuppgifter som l\u00e4mnas i samband avtals uppr\u00e4ttas mellan bolaget och dig eller ditt f\u00f6retag sparas i enlighet med avtalslagen.<\/li><li>Personuppgifter som l\u00e4mnas i samband med f\u00f6retags- och kundbes\u00f6k, s\u00e4ljaktiviteter och marknadsf\u00f6ring sparas bara s\u00e5 l\u00e4nge som det kr\u00e4vs f\u00f6r administration samt uppf\u00f6ljning.<\/li><li>Vid deltagande vid utbildningar, kurser, events, evenemang, aktiviteter och konferenser kan vi komma att spela in eller fotografera. Det medf\u00f6r att du kan f\u00f6rekomma i ljud- och bildinspelningar eller fotografier som bolaget behandlar och som \u00e4ven kan komma att publiceras. Bolaget kommer att meddela dig i f\u00f6rv\u00e4g om s\u00e5dan upptagning eller fotografering kommer ske. Vi kommer inte att publicera ljud- och bildupptagningar som du har en framtr\u00e4dande roll i utan ditt samtycke.<\/li><li>Personuppgifter som beh\u00f6vs f\u00f6r att ta fram statistik och analyser. Uppgifterna sparas till dess att statistiken och analys \u00e4r framtagen.\u00a0<\/li><\/ul>\t\t\t\t\t\t\t\t<\/div>\n\t\t\t\t<\/div>\n\t\t\t\t<div class=\"elementor-element elementor-element-8286bc4 elementor-widget elementor-widget-text-editor\" data-id=\"8286bc4\" data-element_type=\"widget\" data-e-type=\"widget\" data-widget_type=\"text-editor.default\">\n\t\t\t\t<div class=\"elementor-widget-container\">\n\t\t\t\t\t\t\t\t\t<p>F\u00f6r dessa ovanst\u00e5ende syften kommer personuppgifter lagras, sparas och bearbetas f\u00f6r att vi ska kunna fullg\u00f6ra v\u00e5ra \u00e5taganden gentemot dig och leverera tj\u00e4nster, administrera avtalsrelationer och i marknadsf\u00f6ringssyfte.<\/p><p>H\u00f6ga Kusten Destinationsutveckling AB\u00a0l\u00e4mnar aldrig ut dina personuppgifter till tredje part.<\/p>\t\t\t\t\t\t\t\t<\/div>\n\t\t\t\t<\/div>\n\t\t\t\t<div class=\"elementor-element elementor-element-e6d5b5b elementor-widget elementor-widget-heading\" data-id=\"e6d5b5b\" data-element_type=\"widget\" data-e-type=\"widget\" data-widget_type=\"heading.default\">\n\t\t\t\t<div class=\"elementor-widget-container\">\n\t\t\t\t\t<h4 class=\"elementor-heading-title elementor-size-default\">R\u00e4tt att beg\u00e4ra information<\/h4>\t\t\t\t<\/div>\n\t\t\t\t<\/div>\n\t\t\t\t<div class=\"elementor-element elementor-element-aac9f02 elementor-widget elementor-widget-text-editor\" data-id=\"aac9f02\" data-element_type=\"widget\" data-e-type=\"widget\" data-widget_type=\"text-editor.default\">\n\t\t\t\t<div class=\"elementor-widget-container\">\n\t\t\t\t\t\t\t\t\t<p>Vill du veta hur\u00a0H\u00f6ga Kusten Destinationsutveckling AB\u00a0behandlar personuppgifter om dig, skicka en undertecknad beg\u00e4ran till oss. Du har r\u00e4tt att beg\u00e4ra information om personuppgifter som behandlas om dig hos\u00a0H\u00f6ga Kusten Destinationsutveckling AB\u00a0och att f\u00e5 uppgifter r\u00e4ttade. Observera att\u00a0H\u00f6ga Kusten Destinationsutveckling AB\u00a0enbart har tillg\u00e5ng till personuppgifter som beh\u00f6vs f\u00f6r bolagets egen verksamhet, till exempel diarier, kund- och nyhetsbrevs-register, och inte uppgifter som finns hos \u00d6rnsk\u00f6ldsviks Kommun, Kramfors Kommun, H\u00e4rn\u00f6sands Kommun, Sollefte\u00e5 Kommun, andra myndigheter\/kommuner och f\u00f6retag. Du har \u00e4ven r\u00e4tt att n\u00e4r som helst inge klagom\u00e5l till Datainspektionen om du anser att dina personuppgifter behandlas i strid med till\u00e4mplig lagstiftning, se www.datainspektionen.se.<\/p>\t\t\t\t\t\t\t\t<\/div>\n\t\t\t\t<\/div>\n\t\t\t\t<div class=\"elementor-element elementor-element-77b2b5d elementor-widget elementor-widget-heading\" data-id=\"77b2b5d\" data-element_type=\"widget\" data-e-type=\"widget\" data-widget_type=\"heading.default\">\n\t\t\t\t<div class=\"elementor-widget-container\">\n\t\t\t\t\t<h4 class=\"elementor-heading-title elementor-size-default\">\u00c4ndringar av Integritetspolicyn<\/h4>\t\t\t\t<\/div>\n\t\t\t\t<\/div>\n\t\t\t\t<div class=\"elementor-element elementor-element-d844511 elementor-widget elementor-widget-text-editor\" data-id=\"d844511\" data-element_type=\"widget\" data-e-type=\"widget\" data-widget_type=\"text-editor.default\">\n\t\t\t\t<div class=\"elementor-widget-container\">\n\t\t\t\t\t\t\t\t\t<p>H\u00f6ga Kusten Destinationsutveckling AB\u00a0f\u00f6rbeh\u00e5ller sig r\u00e4tten att revidera denna Integritetspolicy. Datumet f\u00f6r den senaste \u00e4ndringen anges i slutet av Integritetspolicyn. Om det g\u00f6rs \u00e4ndringar i Integritetspolicyn kommer dessa att publiceras p\u00e5 v\u00e5r hemsida: www.hkdest.se. Du rekommenderas d\u00e4rf\u00f6r att regelbundet g\u00e5 in p\u00e5 hemsidan f\u00f6r att uppm\u00e4rksamma eventuella \u00e4ndringar i policyn. Om Integritetspolicyn \u00e4ndras p\u00e5 ett s\u00e4tt som v\u00e4sentligt skiljer sig fr\u00e5n vad som angavs n\u00e4r du l\u00e4mnade dina uppgifter kommer vi att s\u00e4rskilt underr\u00e4tta dig om dessa f\u00f6r\u00e4ndringar.<\/p>\t\t\t\t\t\t\t\t<\/div>\n\t\t\t\t<\/div>\n\t\t\t\t\t<\/div>\n\t\t<\/div>\n\t\t\t\t\t<\/div>\n\t\t<\/section>\n\t\t\t\t<\/div>","protected":false},"excerpt":{"rendered":"<p>Integritetspolicy Personuppgiftsansvar Syftet med denna policy \u00e4r att s\u00e4kerst\u00e4lla att H\u00f6ga Kusten Destinationsutveckling AB hanterar personuppgifter i enlighet med EUs dataskyddsf\u00f6rordning (General Data Protection Regulation \u2013 GDPR) som b\u00f6rjar g\u00e4lla den 25 maj 2018. Policyn omfattar alla behandlingar d\u00e4r personuppgifter hanteras. H\u00f6ga Kusten Destinationsutveckling AB, organisationsnummer&nbsp;556961-4067 nedan kallat \u201dbolaget\u201d \u00e4r personuppgiftsansvarig f\u00f6r behandlingen av personuppgifter [&hellip;]<\/p>\n","protected":false},"author":1,"featured_media":0,"parent":2371,"menu_order":5,"comment_status":"closed","ping_status":"open","template":"","meta":{"inline_featured_image":false,"footnotes":""},"projekt":[],"kategori":[],"class_list":["post-3","page","type-page","status-publish","hentry"],"yoast_head":"<!-- This site is optimized with the Yoast SEO plugin v27.5 - https:\/\/yoast.com\/product\/yoast-seo-wordpress\/ -->\n<title>Integritetspolicy - H\u00f6ga Kusten Destinationsutveckling<\/title>\n<meta name=\"robots\" content=\"index, follow, max-snippet:-1, max-image-preview:large, max-video-preview:-1\" \/>\n<link rel=\"canonical\" href=\"https:\/\/www.hkdest.se\/en\/om\/integritetspolicy\/\" \/>\n<meta property=\"og:locale\" content=\"en_US\" \/>\n<meta property=\"og:type\" content=\"article\" \/>\n<meta property=\"og:title\" content=\"Integritetspolicy - H\u00f6ga Kusten Destinationsutveckling\" \/>\n<meta property=\"og:description\" content=\"Integritetspolicy Personuppgiftsansvar Syftet med denna policy \u00e4r att s\u00e4kerst\u00e4lla att H\u00f6ga Kusten Destinationsutveckling AB hanterar personuppgifter i enlighet med EUs dataskyddsf\u00f6rordning (General Data Protection Regulation \u2013 GDPR) som b\u00f6rjar g\u00e4lla den 25 maj 2018. Policyn omfattar alla behandlingar d\u00e4r personuppgifter hanteras. H\u00f6ga Kusten Destinationsutveckling AB, organisationsnummer&nbsp;556961-4067 nedan kallat \u201dbolaget\u201d \u00e4r personuppgiftsansvarig f\u00f6r behandlingen av personuppgifter [&hellip;]\" \/>\n<meta property=\"og:url\" content=\"https:\/\/www.hkdest.se\/en\/om\/integritetspolicy\/\" \/>\n<meta property=\"og:site_name\" content=\"H\u00f6ga Kusten Destinationsutveckling\" \/>\n<meta property=\"article:publisher\" content=\"https:\/\/www.facebook.com\/hogakusten\" \/>\n<meta property=\"article:modified_time\" content=\"2022-02-28T12:38:20+00:00\" \/>\n<meta name=\"twitter:card\" content=\"summary_large_image\" \/>\n<meta name=\"twitter:label1\" content=\"Est. reading time\" \/>\n\t<meta name=\"twitter:data1\" content=\"3 minutes\" \/>\n<script type=\"application\/ld+json\" class=\"yoast-schema-graph\">{\"@context\":\"https:\\\/\\\/schema.org\",\"@graph\":[{\"@type\":\"WebPage\",\"@id\":\"https:\\\/\\\/www.hkdest.se\\\/om\\\/integritetspolicy\\\/\",\"url\":\"https:\\\/\\\/www.hkdest.se\\\/om\\\/integritetspolicy\\\/\",\"name\":\"Integritetspolicy - H\u00f6ga Kusten Destinationsutveckling\",\"isPartOf\":{\"@id\":\"https:\\\/\\\/www.hkdest.se\\\/#website\"},\"datePublished\":\"2021-03-29T07:21:59+00:00\",\"dateModified\":\"2022-02-28T12:38:20+00:00\",\"breadcrumb\":{\"@id\":\"https:\\\/\\\/www.hkdest.se\\\/om\\\/integritetspolicy\\\/#breadcrumb\"},\"inLanguage\":\"en-US\",\"potentialAction\":[{\"@type\":\"ReadAction\",\"target\":[\"https:\\\/\\\/www.hkdest.se\\\/om\\\/integritetspolicy\\\/\"]}]},{\"@type\":\"BreadcrumbList\",\"@id\":\"https:\\\/\\\/www.hkdest.se\\\/om\\\/integritetspolicy\\\/#breadcrumb\",\"itemListElement\":[{\"@type\":\"ListItem\",\"position\":1,\"name\":\"Hem\",\"item\":\"https:\\\/\\\/www.hkdest.se\\\/\"},{\"@type\":\"ListItem\",\"position\":2,\"name\":\"Om oss\",\"item\":\"https:\\\/\\\/www.hkdest.se\\\/om\\\/\"},{\"@type\":\"ListItem\",\"position\":3,\"name\":\"Integritetspolicy\"}]},{\"@type\":\"WebSite\",\"@id\":\"https:\\\/\\\/www.hkdest.se\\\/#website\",\"url\":\"https:\\\/\\\/www.hkdest.se\\\/\",\"name\":\"H\u00f6ga Kusten Destinationsutveckling\",\"description\":\"Tillsammans bygger vi framtidens H\u00f6ga Kusten\",\"publisher\":{\"@id\":\"https:\\\/\\\/www.hkdest.se\\\/#organization\"},\"potentialAction\":[{\"@type\":\"SearchAction\",\"target\":{\"@type\":\"EntryPoint\",\"urlTemplate\":\"https:\\\/\\\/www.hkdest.se\\\/?s={search_term_string}\"},\"query-input\":{\"@type\":\"PropertyValueSpecification\",\"valueRequired\":true,\"valueName\":\"search_term_string\"}}],\"inLanguage\":\"en-US\"},{\"@type\":\"Organization\",\"@id\":\"https:\\\/\\\/www.hkdest.se\\\/#organization\",\"name\":\"H\u00f6ga Kusten Destinationsutveckling\",\"url\":\"https:\\\/\\\/www.hkdest.se\\\/\",\"logo\":{\"@type\":\"ImageObject\",\"inLanguage\":\"en-US\",\"@id\":\"https:\\\/\\\/www.hkdest.se\\\/#\\\/schema\\\/logo\\\/image\\\/\",\"url\":\"https:\\\/\\\/www.hkdest.se\\\/wp-content\\\/uploads\\\/2021\\\/10\\\/cropped-HK_Dest_LOGOTYP_color_liten_Rityta-1.png\",\"contentUrl\":\"https:\\\/\\\/www.hkdest.se\\\/wp-content\\\/uploads\\\/2021\\\/10\\\/cropped-HK_Dest_LOGOTYP_color_liten_Rityta-1.png\",\"width\":286,\"height\":300,\"caption\":\"H\u00f6ga Kusten Destinationsutveckling\"},\"image\":{\"@id\":\"https:\\\/\\\/www.hkdest.se\\\/#\\\/schema\\\/logo\\\/image\\\/\"},\"sameAs\":[\"https:\\\/\\\/www.facebook.com\\\/hogakusten\"]}]}<\/script>\n<!-- \/ Yoast SEO plugin. -->","yoast_head_json":{"title":"Integritetspolicy - H\u00f6ga Kusten Destinationsutveckling","robots":{"index":"index","follow":"follow","max-snippet":"max-snippet:-1","max-image-preview":"max-image-preview:large","max-video-preview":"max-video-preview:-1"},"canonical":"https:\/\/www.hkdest.se\/en\/om\/integritetspolicy\/","og_locale":"en_US","og_type":"article","og_title":"Integritetspolicy - H\u00f6ga Kusten Destinationsutveckling","og_description":"Integritetspolicy Personuppgiftsansvar Syftet med denna policy \u00e4r att s\u00e4kerst\u00e4lla att H\u00f6ga Kusten Destinationsutveckling AB hanterar personuppgifter i enlighet med EUs dataskyddsf\u00f6rordning (General Data Protection Regulation \u2013 GDPR) som b\u00f6rjar g\u00e4lla den 25 maj 2018. Policyn omfattar alla behandlingar d\u00e4r personuppgifter hanteras. H\u00f6ga Kusten Destinationsutveckling AB, organisationsnummer&nbsp;556961-4067 nedan kallat \u201dbolaget\u201d \u00e4r personuppgiftsansvarig f\u00f6r behandlingen av personuppgifter [&hellip;]","og_url":"https:\/\/www.hkdest.se\/en\/om\/integritetspolicy\/","og_site_name":"H\u00f6ga Kusten Destinationsutveckling","article_publisher":"https:\/\/www.facebook.com\/hogakusten","article_modified_time":"2022-02-28T12:38:20+00:00","twitter_card":"summary_large_image","twitter_misc":{"Est. reading time":"3 minutes"},"schema":{"@context":"https:\/\/schema.org","@graph":[{"@type":"WebPage","@id":"https:\/\/www.hkdest.se\/om\/integritetspolicy\/","url":"https:\/\/www.hkdest.se\/om\/integritetspolicy\/","name":"Integritetspolicy - H\u00f6ga Kusten Destinationsutveckling","isPartOf":{"@id":"https:\/\/www.hkdest.se\/#website"},"datePublished":"2021-03-29T07:21:59+00:00","dateModified":"2022-02-28T12:38:20+00:00","breadcrumb":{"@id":"https:\/\/www.hkdest.se\/om\/integritetspolicy\/#breadcrumb"},"inLanguage":"en-US","potentialAction":[{"@type":"ReadAction","target":["https:\/\/www.hkdest.se\/om\/integritetspolicy\/"]}]},{"@type":"BreadcrumbList","@id":"https:\/\/www.hkdest.se\/om\/integritetspolicy\/#breadcrumb","itemListElement":[{"@type":"ListItem","position":1,"name":"Hem","item":"https:\/\/www.hkdest.se\/"},{"@type":"ListItem","position":2,"name":"Om oss","item":"https:\/\/www.hkdest.se\/om\/"},{"@type":"ListItem","position":3,"name":"Integritetspolicy"}]},{"@type":"WebSite","@id":"https:\/\/www.hkdest.se\/#website","url":"https:\/\/www.hkdest.se\/","name":"H\u00f6ga Kusten Destinationsutveckling","description":"Tillsammans bygger vi framtidens H\u00f6ga Kusten","publisher":{"@id":"https:\/\/www.hkdest.se\/#organization"},"potentialAction":[{"@type":"SearchAction","target":{"@type":"EntryPoint","urlTemplate":"https:\/\/www.hkdest.se\/?s={search_term_string}"},"query-input":{"@type":"PropertyValueSpecification","valueRequired":true,"valueName":"search_term_string"}}],"inLanguage":"en-US"},{"@type":"Organization","@id":"https:\/\/www.hkdest.se\/#organization","name":"H\u00f6ga Kusten Destinationsutveckling","url":"https:\/\/www.hkdest.se\/","logo":{"@type":"ImageObject","inLanguage":"en-US","@id":"https:\/\/www.hkdest.se\/#\/schema\/logo\/image\/","url":"https:\/\/www.hkdest.se\/wp-content\/uploads\/2021\/10\/cropped-HK_Dest_LOGOTYP_color_liten_Rityta-1.png","contentUrl":"https:\/\/www.hkdest.se\/wp-content\/uploads\/2021\/10\/cropped-HK_Dest_LOGOTYP_color_liten_Rityta-1.png","width":286,"height":300,"caption":"H\u00f6ga Kusten Destinationsutveckling"},"image":{"@id":"https:\/\/www.hkdest.se\/#\/schema\/logo\/image\/"},"sameAs":["https:\/\/www.facebook.com\/hogakusten"]}]}},"_links":{"self":[{"href":"https:\/\/www.hkdest.se\/en\/wp-json\/wp\/v2\/pages\/3","targetHints":{"allow":["GET"]}}],"collection":[{"href":"https:\/\/www.hkdest.se\/en\/wp-json\/wp\/v2\/pages"}],"about":[{"href":"https:\/\/www.hkdest.se\/en\/wp-json\/wp\/v2\/types\/page"}],"author":[{"embeddable":true,"href":"https:\/\/www.hkdest.se\/en\/wp-json\/wp\/v2\/users\/1"}],"replies":[{"embeddable":true,"href":"https:\/\/www.hkdest.se\/en\/wp-json\/wp\/v2\/comments?post=3"}],"version-history":[{"count":0,"href":"https:\/\/www.hkdest.se\/en\/wp-json\/wp\/v2\/pages\/3\/revisions"}],"up":[{"embeddable":true,"href":"https:\/\/www.hkdest.se\/en\/wp-json\/wp\/v2\/pages\/2371"}],"wp:attachment":[{"href":"https:\/\/www.hkdest.se\/en\/wp-json\/wp\/v2\/media?parent=3"}],"wp:term":[{"taxonomy":"projekt","embeddable":true,"href":"https:\/\/www.hkdest.se\/en\/wp-json\/wp\/v2\/projekt?post=3"},{"taxonomy":"kategori","embeddable":true,"href":"https:\/\/www.hkdest.se\/en\/wp-json\/wp\/v2\/kategori?post=3"}],"curies":[{"name":"wp","href":"https:\/\/api.w.org\/{rel}","templated":true}]}}