{"id":14727,"date":"2024-11-14T10:05:56","date_gmt":"2024-11-14T10:05:56","guid":{"rendered":"https:\/\/www.hkdest.se\/?page_id=14727"},"modified":"2025-09-05T11:26:33","modified_gmt":"2025-09-05T11:26:33","slug":"gemensamt-talangattraktionsarbete-i-hoga-kusten-bidrar-till-solleftea-kommuns-utveckling","status":"publish","type":"page","link":"https:\/\/www.hkdest.se\/en\/jobbaochlev\/gemensamt-talangattraktionsarbete-i-hoga-kusten-bidrar-till-solleftea-kommuns-utveckling\/","title":{"rendered":"Gemensamt talangattraktionsarbete i H\u00f6ga Kusten bidrar till Sollefte\u00e5 kommuns utveckling"},"content":{"rendered":"<div data-elementor-type=\"wp-page\" data-elementor-id=\"14727\" class=\"elementor elementor-14727\" data-elementor-post-type=\"page\">\n\t\t\t\t<main class=\"elementor-element elementor-element-ed4b5ee e-con-full e-flex e-con e-parent\" data-id=\"ed4b5ee\" data-element_type=\"container\" data-e-type=\"container\">\n\t\t<section class=\"elementor-element elementor-element-e8985ae e-con-full e-flex e-con e-child\" data-id=\"e8985ae\" data-element_type=\"container\" data-e-type=\"container\">\n\t\t<article class=\"elementor-element elementor-element-373c2e0 e-con-full e-flex elementor-invisible e-con e-child\" data-id=\"373c2e0\" data-element_type=\"container\" data-e-type=\"container\" data-settings=\"{&quot;animation&quot;:&quot;fadeIn&quot;}\">\n\t\t\t\t<div class=\"elementor-element elementor-element-1fece38 elementor-align-center elementor-fixed elementor-hidden-tablet elementor-hidden-phone elementor-icon-list--layout-traditional elementor-list-item-link-full_width elementor-widget elementor-widget-icon-list\" data-id=\"1fece38\" data-element_type=\"widget\" data-e-type=\"widget\" data-settings=\"{&quot;_position&quot;:&quot;fixed&quot;}\" data-widget_type=\"icon-list.default\">\n\t\t\t\t<div class=\"elementor-widget-container\">\n\t\t\t\t\t\t\t<ul class=\"elementor-icon-list-items\">\n\t\t\t\t\t\t\t<li class=\"elementor-icon-list-item\">\n\t\t\t\t\t\t\t\t\t\t\t<span class=\"elementor-icon-list-icon\">\n\t\t\t\t\t\t\t<i aria-hidden=\"true\" class=\"fab fa-facebook-f\"><\/i>\t\t\t\t\t\t<\/span>\n\t\t\t\t\t\t\t\t\t\t<span class=\"elementor-icon-list-text\"><\/span>\n\t\t\t\t\t\t\t\t\t<\/li>\n\t\t\t\t\t\t\t\t<li class=\"elementor-icon-list-item\">\n\t\t\t\t\t\t\t\t\t\t\t<span class=\"elementor-icon-list-icon\">\n\t\t\t\t\t\t\t<i aria-hidden=\"true\" class=\"fab fa-linkedin-in\"><\/i>\t\t\t\t\t\t<\/span>\n\t\t\t\t\t\t\t\t\t\t<span class=\"elementor-icon-list-text\"><\/span>\n\t\t\t\t\t\t\t\t\t<\/li>\n\t\t\t\t\t\t\t\t<li class=\"elementor-icon-list-item\">\n\t\t\t\t\t\t\t\t\t\t\t<span class=\"elementor-icon-list-icon\">\n\t\t\t\t\t\t\t<i aria-hidden=\"true\" class=\"fab fa-twitter\"><\/i>\t\t\t\t\t\t<\/span>\n\t\t\t\t\t\t\t\t\t\t<span class=\"elementor-icon-list-text\"><\/span>\n\t\t\t\t\t\t\t\t\t<\/li>\n\t\t\t\t\t\t\t\t<li class=\"elementor-icon-list-item\">\n\t\t\t\t\t\t\t\t\t\t\t<span class=\"elementor-icon-list-icon\">\n\t\t\t\t\t\t\t<i aria-hidden=\"true\" class=\"fab fa-youtube\"><\/i>\t\t\t\t\t\t<\/span>\n\t\t\t\t\t\t\t\t\t\t<span class=\"elementor-icon-list-text\"><\/span>\n\t\t\t\t\t\t\t\t\t<\/li>\n\t\t\t\t\t\t<\/ul>\n\t\t\t\t\t\t<\/div>\n\t\t\t\t<\/div>\n\t\t<div class=\"elementor-element elementor-element-eff87f8 e-con-full e-flex e-con e-child\" data-id=\"eff87f8\" data-element_type=\"container\" data-e-type=\"container\">\n\t\t\t\t<div class=\"elementor-element elementor-element-97527ac elementor-widget elementor-widget-heading\" data-id=\"97527ac\" data-element_type=\"widget\" data-e-type=\"widget\" data-widget_type=\"heading.default\">\n\t\t\t\t<div class=\"elementor-widget-container\">\n\t\t\t\t\t<div class=\"elementor-heading-title elementor-size-default\">Jobba &amp; lev i H\u00f6ga Kusten<\/div>\t\t\t\t<\/div>\n\t\t\t\t<\/div>\n\t\t\t\t<div class=\"elementor-element elementor-element-079f42f elementor-widget elementor-widget-image\" data-id=\"079f42f\" data-element_type=\"widget\" data-e-type=\"widget\" data-widget_type=\"image.default\">\n\t\t\t\t<div class=\"elementor-widget-container\">\n\t\t\t\t\t\t\t\t\t\t\t\t\t\t\t<img decoding=\"async\" width=\"296\" height=\"6\" src=\"https:\/\/www.hkdest.se\/wp-content\/uploads\/2024\/10\/wave.png\" class=\"attachment-medium size-medium wp-image-12442\" alt=\"\" srcset=\"https:\/\/www.hkdest.se\/wp-content\/uploads\/2024\/10\/wave.png 296w, https:\/\/www.hkdest.se\/wp-content\/uploads\/2024\/10\/wave-18x1.png 18w\" sizes=\"(max-width: 296px) 100vw, 296px\" \/>\t\t\t\t\t\t\t\t\t\t\t\t\t\t\t<\/div>\n\t\t\t\t<\/div>\n\t\t\t\t<\/div>\n\t\t\t\t<div class=\"elementor-element elementor-element-17c2772 elementor-widget elementor-widget-heading\" data-id=\"17c2772\" data-element_type=\"widget\" data-e-type=\"widget\" data-widget_type=\"heading.default\">\n\t\t\t\t<div class=\"elementor-widget-container\">\n\t\t\t\t\t<h1 class=\"elementor-heading-title elementor-size-default\">Gemensamt talangattraktionsarbete i H\u00f6ga Kusten bidrar till Sollefte\u00e5 kommuns utveckling<\/h1>\t\t\t\t<\/div>\n\t\t\t\t<\/div>\n\t\t\t\t<div class=\"elementor-element elementor-element-2cb997f elementor-widget elementor-widget-text-editor\" data-id=\"2cb997f\" data-element_type=\"widget\" data-e-type=\"widget\" data-widget_type=\"text-editor.default\">\n\t\t\t\t<div class=\"elementor-widget-container\">\n\t\t\t\t\t\t\t\t\t<p>Sollefte\u00e5 kommun har, med st\u00f6d av material fr\u00e5n H\u00f6ga Kustens gemensamma talangattraktionsarbete, utvecklat en ny verktygsl\u00e5da f\u00f6r att st\u00e4rka kommunens platsvarum\u00e4rke. Verktygsl\u00e5dan \u00e4r tillg\u00e4nglig f\u00f6r inv\u00e5nare och f\u00f6retag som vill lyfta fram Sollefte\u00e5 i sin marknadsf\u00f6ring.<\/p>\t\t\t\t\t\t\t\t<\/div>\n\t\t\t\t<\/div>\n\t\t\t\t<\/article>\n\t\t<article class=\"elementor-element elementor-element-37bc899 e-con-full e-flex e-con e-child\" data-id=\"37bc899\" data-element_type=\"container\" data-e-type=\"container\" data-settings=\"{&quot;background_background&quot;:&quot;classic&quot;}\">\n\t\t\t\t<\/article>\n\t\t\t\t<\/section>\n\t\t<section class=\"elementor-element elementor-element-c96108e e-flex e-con-boxed e-con e-child\" data-id=\"c96108e\" data-element_type=\"container\" data-e-type=\"container\" data-settings=\"{&quot;background_background&quot;:&quot;classic&quot;}\">\n\t\t\t\t\t<div class=\"e-con-inner\">\n\t\t\t\t<div class=\"elementor-element elementor-element-692341c elementor-widget elementor-widget-text-editor\" data-id=\"692341c\" data-element_type=\"widget\" data-e-type=\"widget\" data-widget_type=\"text-editor.default\">\n\t\t\t\t<div class=\"elementor-widget-container\">\n\t\t\t\t\t\t\t\t\t<p>&#8211; Talangattraktion erbjuder ett fantastiskt fint material som rimmar med v\u00e5r bild av Sollefte\u00e5, s\u00e4ger Jennifer Andersson, kommunikat\u00f6r och ansvarig f\u00f6r platsvarum\u00e4rket.<\/p><p>I oktober 2024 lanserades verktygsl\u00e5dan vars m\u00e5ls\u00e4ttning \u00e4r att underl\u00e4tta f\u00f6r privatpersoner, f\u00f6retag och f\u00f6reningar att anv\u00e4nda Sollefte\u00e5s varum\u00e4rke och p\u00e5 s\u00e5 s\u00e4tt p\u00e5verka bilden av kommunen i en positiv riktning.<\/p><p>Jennifer \u00e4r stolt \u00f6ver resultatet av det arbete hon och kollegan Anette Bod\u00e9n drivit.<\/p><p>&#8211; Det k\u00e4nns superkul att vi som kommun nu m\u00f6jligg\u00f6r att alla som bor i Sollefte\u00e5 kan st\u00e4rka bilden av v\u00e5r plats. Marknadsf\u00f6ring kan vara sv\u00e5rt, och alla f\u00f6retag har inte den kompetensen. D\u00e5 \u00e4r det viktigt att vi som kommun g\u00f6r n\u00e5got.<\/p><p>Arbetet har pr\u00e4glats av en agil och experimentell process. Genom att b\u00f6rja med en strategisk \u00f6versikt av tillg\u00e4ngligt material har kommunen stegvis byggt upp verktygsl\u00e5dan.<\/p>\t\t\t\t\t\t\t\t<\/div>\n\t\t\t\t<\/div>\n\t\t\t\t<div class=\"elementor-element elementor-element-ac9d801 elementor-widget elementor-widget-text-editor\" data-id=\"ac9d801\" data-element_type=\"widget\" data-e-type=\"widget\" data-widget_type=\"text-editor.default\">\n\t\t\t\t<div class=\"elementor-widget-container\">\n\t\t\t\t\t\t\t\t\t<p>&#8221;Vi har f\u00e5tt med oss m\u00e5nga under resan och engagemanget har varit stort.&#8221;<\/p>\t\t\t\t\t\t\t\t<\/div>\n\t\t\t\t<\/div>\n\t\t\t\t<div class=\"elementor-element elementor-element-031d5aa elementor-widget elementor-widget-text-editor\" data-id=\"031d5aa\" data-element_type=\"widget\" data-e-type=\"widget\" data-widget_type=\"text-editor.default\">\n\t\t\t\t<div class=\"elementor-widget-container\">\n\t\t\t\t\t\t\t\t\t<p>Verktygsl\u00e5dan har tagits fram med hj\u00e4lp av material fr\u00e5n Talangattraktion H\u00f6ga Kusten i form av inspirerande texter, bilder och film. Material som lyfter fram viktiga fr\u00e5gor kring bland annat kompetensf\u00f6rs\u00f6rjning samt hur man kan locka och beh\u00e5lla talanger i omr\u00e5det.<\/p><p>&#8211; Det \u00e4r viktigt att ha dessa samarbeten p\u00e5 regional niv\u00e5. Ibland kan det k\u00e4nnas tungt att driva s\u00e5dana h\u00e4r projekt, men man kan ha tv\u00e5 hattar samtidigt, b\u00e5de regional och lokal. Det skapar nya m\u00f6jligheter och bidrar till utveckling.<\/p><p>Nu \u00e4r ambitionen \u00e4r att forts\u00e4tta utveckla verktygsl\u00e5dan, utifr\u00e5n efterfr\u00e5gan och g\u00e4rna med mer material fr\u00e5n Talangattraktion H\u00f6ga Kusten.<\/p><p>&#8211; Projektet erbjuder ett fantastiskt fint material som rimmar med v\u00e5r bild av Sollefte\u00e5. Jag skulle g\u00e4rna se fler bilder fr\u00e5n Sollefte\u00e5s alla \u00e5rstider, det \u00e4r n\u00e5got som jag \u00f6nskar mer av.<\/p><p>Skulle du tipsa andra om att anv\u00e4nda den?<\/p><p>&#8211; Absolut. N\u00e4r det redan finns material, d\u00e5 ska det anv\u00e4ndas. Det k\u00e4nns on\u00f6digt uppfinna hjulet p\u00e5 nytt.<\/p>\t\t\t\t\t\t\t\t<\/div>\n\t\t\t\t<\/div>\n\t\t\t\t\t<\/div>\n\t\t\t\t<\/section>\n\t\t\t\t<\/main>\n\t\t\t\t<\/div>","protected":false},"excerpt":{"rendered":"<p>Jobba &amp; lev i H\u00f6ga Kusten Sollefte\u00e5 kommun har, med st\u00f6d av material fr\u00e5n H\u00f6ga Kustens gemensamma talangattraktionsarbete, utvecklat en ny verktygsl\u00e5da f\u00f6r att st\u00e4rka kommunens platsvarum\u00e4rke. Verktygsl\u00e5dan \u00e4r tillg\u00e4nglig f\u00f6r inv\u00e5nare och f\u00f6retag som vill lyfta fram Sollefte\u00e5 i sin marknadsf\u00f6ring. &#8211; Talangattraktion erbjuder ett fantastiskt fint material som rimmar med v\u00e5r bild av [&hellip;]<\/p>\n","protected":false},"author":1,"featured_media":14818,"parent":12404,"menu_order":0,"comment_status":"closed","ping_status":"closed","template":"elementor_header_footer","meta":{"inline_featured_image":false,"footnotes":""},"projekt":[],"kategori":[],"class_list":["post-14727","page","type-page","status-publish","has-post-thumbnail","hentry"],"yoast_head":"<!-- This site is optimized with the Yoast SEO plugin v27.4 - https:\/\/yoast.com\/product\/yoast-seo-wordpress\/ -->\n<title>Gemensamt talangattraktionsarbete i H\u00f6ga Kusten bidrar till Sollefte\u00e5 kommuns utveckling - H\u00f6ga Kusten Destinationsutveckling<\/title>\n<meta name=\"robots\" content=\"index, follow, max-snippet:-1, max-image-preview:large, max-video-preview:-1\" \/>\n<link rel=\"canonical\" href=\"https:\/\/www.hkdest.se\/en\/jobbaochlev\/gemensamt-talangattraktionsarbete-i-hoga-kusten-bidrar-till-solleftea-kommuns-utveckling\/\" \/>\n<meta property=\"og:locale\" content=\"en_US\" \/>\n<meta property=\"og:type\" content=\"article\" \/>\n<meta property=\"og:title\" content=\"Gemensamt talangattraktionsarbete i H\u00f6ga Kusten bidrar till Sollefte\u00e5 kommuns utveckling - H\u00f6ga Kusten Destinationsutveckling\" \/>\n<meta property=\"og:description\" content=\"Jobba &amp; lev i H\u00f6ga Kusten Sollefte\u00e5 kommun har, med st\u00f6d av material fr\u00e5n H\u00f6ga Kustens gemensamma talangattraktionsarbete, utvecklat en ny verktygsl\u00e5da f\u00f6r att st\u00e4rka kommunens platsvarum\u00e4rke. Verktygsl\u00e5dan \u00e4r tillg\u00e4nglig f\u00f6r inv\u00e5nare och f\u00f6retag som vill lyfta fram Sollefte\u00e5 i sin marknadsf\u00f6ring. &#8211; Talangattraktion erbjuder ett fantastiskt fint material som rimmar med v\u00e5r bild av [&hellip;]\" \/>\n<meta property=\"og:url\" content=\"https:\/\/www.hkdest.se\/en\/jobbaochlev\/gemensamt-talangattraktionsarbete-i-hoga-kusten-bidrar-till-solleftea-kommuns-utveckling\/\" \/>\n<meta property=\"og:site_name\" content=\"H\u00f6ga Kusten Destinationsutveckling\" \/>\n<meta property=\"article:publisher\" content=\"https:\/\/www.facebook.com\/hogakusten\" \/>\n<meta property=\"article:modified_time\" content=\"2025-09-05T11:26:33+00:00\" \/>\n<meta property=\"og:image\" content=\"https:\/\/www.hkdest.se\/wp-content\/uploads\/2024\/11\/jennifer2.jpg\" \/>\n\t<meta property=\"og:image:width\" content=\"824\" \/>\n\t<meta property=\"og:image:height\" content=\"824\" \/>\n\t<meta property=\"og:image:type\" content=\"image\/jpeg\" \/>\n<meta name=\"twitter:card\" content=\"summary_large_image\" \/>\n<meta name=\"twitter:label1\" content=\"Est. reading time\" \/>\n\t<meta name=\"twitter:data1\" content=\"2 minutes\" \/>\n<script type=\"application\/ld+json\" class=\"yoast-schema-graph\">{\"@context\":\"https:\\\/\\\/schema.org\",\"@graph\":[{\"@type\":\"WebPage\",\"@id\":\"https:\\\/\\\/www.hkdest.se\\\/jobbaochlev\\\/gemensamt-talangattraktionsarbete-i-hoga-kusten-bidrar-till-solleftea-kommuns-utveckling\\\/\",\"url\":\"https:\\\/\\\/www.hkdest.se\\\/jobbaochlev\\\/gemensamt-talangattraktionsarbete-i-hoga-kusten-bidrar-till-solleftea-kommuns-utveckling\\\/\",\"name\":\"Gemensamt talangattraktionsarbete i H\u00f6ga Kusten bidrar till Sollefte\u00e5 kommuns utveckling - H\u00f6ga Kusten Destinationsutveckling\",\"isPartOf\":{\"@id\":\"https:\\\/\\\/www.hkdest.se\\\/#website\"},\"primaryImageOfPage\":{\"@id\":\"https:\\\/\\\/www.hkdest.se\\\/jobbaochlev\\\/gemensamt-talangattraktionsarbete-i-hoga-kusten-bidrar-till-solleftea-kommuns-utveckling\\\/#primaryimage\"},\"image\":{\"@id\":\"https:\\\/\\\/www.hkdest.se\\\/jobbaochlev\\\/gemensamt-talangattraktionsarbete-i-hoga-kusten-bidrar-till-solleftea-kommuns-utveckling\\\/#primaryimage\"},\"thumbnailUrl\":\"https:\\\/\\\/www.hkdest.se\\\/wp-content\\\/uploads\\\/2024\\\/11\\\/jennifer2.jpg\",\"datePublished\":\"2024-11-14T10:05:56+00:00\",\"dateModified\":\"2025-09-05T11:26:33+00:00\",\"breadcrumb\":{\"@id\":\"https:\\\/\\\/www.hkdest.se\\\/jobbaochlev\\\/gemensamt-talangattraktionsarbete-i-hoga-kusten-bidrar-till-solleftea-kommuns-utveckling\\\/#breadcrumb\"},\"inLanguage\":\"en-US\",\"potentialAction\":[{\"@type\":\"ReadAction\",\"target\":[\"https:\\\/\\\/www.hkdest.se\\\/jobbaochlev\\\/gemensamt-talangattraktionsarbete-i-hoga-kusten-bidrar-till-solleftea-kommuns-utveckling\\\/\"]}]},{\"@type\":\"ImageObject\",\"inLanguage\":\"en-US\",\"@id\":\"https:\\\/\\\/www.hkdest.se\\\/jobbaochlev\\\/gemensamt-talangattraktionsarbete-i-hoga-kusten-bidrar-till-solleftea-kommuns-utveckling\\\/#primaryimage\",\"url\":\"https:\\\/\\\/www.hkdest.se\\\/wp-content\\\/uploads\\\/2024\\\/11\\\/jennifer2.jpg\",\"contentUrl\":\"https:\\\/\\\/www.hkdest.se\\\/wp-content\\\/uploads\\\/2024\\\/11\\\/jennifer2.jpg\",\"width\":824,\"height\":824},{\"@type\":\"BreadcrumbList\",\"@id\":\"https:\\\/\\\/www.hkdest.se\\\/jobbaochlev\\\/gemensamt-talangattraktionsarbete-i-hoga-kusten-bidrar-till-solleftea-kommuns-utveckling\\\/#breadcrumb\",\"itemListElement\":[{\"@type\":\"ListItem\",\"position\":1,\"name\":\"Hem\",\"item\":\"https:\\\/\\\/www.hkdest.se\\\/\"},{\"@type\":\"ListItem\",\"position\":2,\"name\":\"Jobba och lev\",\"item\":\"https:\\\/\\\/www.hkdest.se\\\/jobbaochlev\\\/\"},{\"@type\":\"ListItem\",\"position\":3,\"name\":\"Gemensamt talangattraktionsarbete i H\u00f6ga Kusten bidrar till Sollefte\u00e5 kommuns utveckling\"}]},{\"@type\":\"WebSite\",\"@id\":\"https:\\\/\\\/www.hkdest.se\\\/#website\",\"url\":\"https:\\\/\\\/www.hkdest.se\\\/\",\"name\":\"H\u00f6ga Kusten Destinationsutveckling\",\"description\":\"Tillsammans bygger vi framtidens H\u00f6ga Kusten\",\"publisher\":{\"@id\":\"https:\\\/\\\/www.hkdest.se\\\/#organization\"},\"potentialAction\":[{\"@type\":\"SearchAction\",\"target\":{\"@type\":\"EntryPoint\",\"urlTemplate\":\"https:\\\/\\\/www.hkdest.se\\\/?s={search_term_string}\"},\"query-input\":{\"@type\":\"PropertyValueSpecification\",\"valueRequired\":true,\"valueName\":\"search_term_string\"}}],\"inLanguage\":\"en-US\"},{\"@type\":\"Organization\",\"@id\":\"https:\\\/\\\/www.hkdest.se\\\/#organization\",\"name\":\"H\u00f6ga Kusten Destinationsutveckling\",\"url\":\"https:\\\/\\\/www.hkdest.se\\\/\",\"logo\":{\"@type\":\"ImageObject\",\"inLanguage\":\"en-US\",\"@id\":\"https:\\\/\\\/www.hkdest.se\\\/#\\\/schema\\\/logo\\\/image\\\/\",\"url\":\"https:\\\/\\\/www.hkdest.se\\\/wp-content\\\/uploads\\\/2021\\\/10\\\/cropped-HK_Dest_LOGOTYP_color_liten_Rityta-1.png\",\"contentUrl\":\"https:\\\/\\\/www.hkdest.se\\\/wp-content\\\/uploads\\\/2021\\\/10\\\/cropped-HK_Dest_LOGOTYP_color_liten_Rityta-1.png\",\"width\":286,\"height\":300,\"caption\":\"H\u00f6ga Kusten Destinationsutveckling\"},\"image\":{\"@id\":\"https:\\\/\\\/www.hkdest.se\\\/#\\\/schema\\\/logo\\\/image\\\/\"},\"sameAs\":[\"https:\\\/\\\/www.facebook.com\\\/hogakusten\"]}]}<\/script>\n<!-- \/ Yoast SEO plugin. -->","yoast_head_json":{"title":"Gemensamt talangattraktionsarbete i H\u00f6ga Kusten bidrar till Sollefte\u00e5 kommuns utveckling - H\u00f6ga Kusten Destinationsutveckling","robots":{"index":"index","follow":"follow","max-snippet":"max-snippet:-1","max-image-preview":"max-image-preview:large","max-video-preview":"max-video-preview:-1"},"canonical":"https:\/\/www.hkdest.se\/en\/jobbaochlev\/gemensamt-talangattraktionsarbete-i-hoga-kusten-bidrar-till-solleftea-kommuns-utveckling\/","og_locale":"en_US","og_type":"article","og_title":"Gemensamt talangattraktionsarbete i H\u00f6ga Kusten bidrar till Sollefte\u00e5 kommuns utveckling - H\u00f6ga Kusten Destinationsutveckling","og_description":"Jobba &amp; lev i H\u00f6ga Kusten Sollefte\u00e5 kommun har, med st\u00f6d av material fr\u00e5n H\u00f6ga Kustens gemensamma talangattraktionsarbete, utvecklat en ny verktygsl\u00e5da f\u00f6r att st\u00e4rka kommunens platsvarum\u00e4rke. Verktygsl\u00e5dan \u00e4r tillg\u00e4nglig f\u00f6r inv\u00e5nare och f\u00f6retag som vill lyfta fram Sollefte\u00e5 i sin marknadsf\u00f6ring. &#8211; Talangattraktion erbjuder ett fantastiskt fint material som rimmar med v\u00e5r bild av [&hellip;]","og_url":"https:\/\/www.hkdest.se\/en\/jobbaochlev\/gemensamt-talangattraktionsarbete-i-hoga-kusten-bidrar-till-solleftea-kommuns-utveckling\/","og_site_name":"H\u00f6ga Kusten Destinationsutveckling","article_publisher":"https:\/\/www.facebook.com\/hogakusten","article_modified_time":"2025-09-05T11:26:33+00:00","og_image":[{"width":824,"height":824,"url":"https:\/\/www.hkdest.se\/wp-content\/uploads\/2024\/11\/jennifer2.jpg","type":"image\/jpeg"}],"twitter_card":"summary_large_image","twitter_misc":{"Est. reading time":"2 minutes"},"schema":{"@context":"https:\/\/schema.org","@graph":[{"@type":"WebPage","@id":"https:\/\/www.hkdest.se\/jobbaochlev\/gemensamt-talangattraktionsarbete-i-hoga-kusten-bidrar-till-solleftea-kommuns-utveckling\/","url":"https:\/\/www.hkdest.se\/jobbaochlev\/gemensamt-talangattraktionsarbete-i-hoga-kusten-bidrar-till-solleftea-kommuns-utveckling\/","name":"Gemensamt talangattraktionsarbete i H\u00f6ga Kusten bidrar till Sollefte\u00e5 kommuns utveckling - H\u00f6ga Kusten Destinationsutveckling","isPartOf":{"@id":"https:\/\/www.hkdest.se\/#website"},"primaryImageOfPage":{"@id":"https:\/\/www.hkdest.se\/jobbaochlev\/gemensamt-talangattraktionsarbete-i-hoga-kusten-bidrar-till-solleftea-kommuns-utveckling\/#primaryimage"},"image":{"@id":"https:\/\/www.hkdest.se\/jobbaochlev\/gemensamt-talangattraktionsarbete-i-hoga-kusten-bidrar-till-solleftea-kommuns-utveckling\/#primaryimage"},"thumbnailUrl":"https:\/\/www.hkdest.se\/wp-content\/uploads\/2024\/11\/jennifer2.jpg","datePublished":"2024-11-14T10:05:56+00:00","dateModified":"2025-09-05T11:26:33+00:00","breadcrumb":{"@id":"https:\/\/www.hkdest.se\/jobbaochlev\/gemensamt-talangattraktionsarbete-i-hoga-kusten-bidrar-till-solleftea-kommuns-utveckling\/#breadcrumb"},"inLanguage":"en-US","potentialAction":[{"@type":"ReadAction","target":["https:\/\/www.hkdest.se\/jobbaochlev\/gemensamt-talangattraktionsarbete-i-hoga-kusten-bidrar-till-solleftea-kommuns-utveckling\/"]}]},{"@type":"ImageObject","inLanguage":"en-US","@id":"https:\/\/www.hkdest.se\/jobbaochlev\/gemensamt-talangattraktionsarbete-i-hoga-kusten-bidrar-till-solleftea-kommuns-utveckling\/#primaryimage","url":"https:\/\/www.hkdest.se\/wp-content\/uploads\/2024\/11\/jennifer2.jpg","contentUrl":"https:\/\/www.hkdest.se\/wp-content\/uploads\/2024\/11\/jennifer2.jpg","width":824,"height":824},{"@type":"BreadcrumbList","@id":"https:\/\/www.hkdest.se\/jobbaochlev\/gemensamt-talangattraktionsarbete-i-hoga-kusten-bidrar-till-solleftea-kommuns-utveckling\/#breadcrumb","itemListElement":[{"@type":"ListItem","position":1,"name":"Hem","item":"https:\/\/www.hkdest.se\/"},{"@type":"ListItem","position":2,"name":"Jobba och lev","item":"https:\/\/www.hkdest.se\/jobbaochlev\/"},{"@type":"ListItem","position":3,"name":"Gemensamt talangattraktionsarbete i H\u00f6ga Kusten bidrar till Sollefte\u00e5 kommuns utveckling"}]},{"@type":"WebSite","@id":"https:\/\/www.hkdest.se\/#website","url":"https:\/\/www.hkdest.se\/","name":"H\u00f6ga Kusten Destinationsutveckling","description":"Tillsammans bygger vi framtidens H\u00f6ga Kusten","publisher":{"@id":"https:\/\/www.hkdest.se\/#organization"},"potentialAction":[{"@type":"SearchAction","target":{"@type":"EntryPoint","urlTemplate":"https:\/\/www.hkdest.se\/?s={search_term_string}"},"query-input":{"@type":"PropertyValueSpecification","valueRequired":true,"valueName":"search_term_string"}}],"inLanguage":"en-US"},{"@type":"Organization","@id":"https:\/\/www.hkdest.se\/#organization","name":"H\u00f6ga Kusten Destinationsutveckling","url":"https:\/\/www.hkdest.se\/","logo":{"@type":"ImageObject","inLanguage":"en-US","@id":"https:\/\/www.hkdest.se\/#\/schema\/logo\/image\/","url":"https:\/\/www.hkdest.se\/wp-content\/uploads\/2021\/10\/cropped-HK_Dest_LOGOTYP_color_liten_Rityta-1.png","contentUrl":"https:\/\/www.hkdest.se\/wp-content\/uploads\/2021\/10\/cropped-HK_Dest_LOGOTYP_color_liten_Rityta-1.png","width":286,"height":300,"caption":"H\u00f6ga Kusten Destinationsutveckling"},"image":{"@id":"https:\/\/www.hkdest.se\/#\/schema\/logo\/image\/"},"sameAs":["https:\/\/www.facebook.com\/hogakusten"]}]}},"_links":{"self":[{"href":"https:\/\/www.hkdest.se\/en\/wp-json\/wp\/v2\/pages\/14727","targetHints":{"allow":["GET"]}}],"collection":[{"href":"https:\/\/www.hkdest.se\/en\/wp-json\/wp\/v2\/pages"}],"about":[{"href":"https:\/\/www.hkdest.se\/en\/wp-json\/wp\/v2\/types\/page"}],"author":[{"embeddable":true,"href":"https:\/\/www.hkdest.se\/en\/wp-json\/wp\/v2\/users\/1"}],"replies":[{"embeddable":true,"href":"https:\/\/www.hkdest.se\/en\/wp-json\/wp\/v2\/comments?post=14727"}],"version-history":[{"count":16,"href":"https:\/\/www.hkdest.se\/en\/wp-json\/wp\/v2\/pages\/14727\/revisions"}],"predecessor-version":[{"id":15409,"href":"https:\/\/www.hkdest.se\/en\/wp-json\/wp\/v2\/pages\/14727\/revisions\/15409"}],"up":[{"embeddable":true,"href":"https:\/\/www.hkdest.se\/en\/wp-json\/wp\/v2\/pages\/12404"}],"wp:featuredmedia":[{"embeddable":true,"href":"https:\/\/www.hkdest.se\/en\/wp-json\/wp\/v2\/media\/14818"}],"wp:attachment":[{"href":"https:\/\/www.hkdest.se\/en\/wp-json\/wp\/v2\/media?parent=14727"}],"wp:term":[{"taxonomy":"projekt","embeddable":true,"href":"https:\/\/www.hkdest.se\/en\/wp-json\/wp\/v2\/projekt?post=14727"},{"taxonomy":"kategori","embeddable":true,"href":"https:\/\/www.hkdest.se\/en\/wp-json\/wp\/v2\/kategori?post=14727"}],"curies":[{"name":"wp","href":"https:\/\/api.w.org\/{rel}","templated":true}]}}