{"id":14604,"date":"2024-11-14T07:57:55","date_gmt":"2024-11-14T07:57:55","guid":{"rendered":"https:\/\/www.hkdest.se\/?page_id=14604"},"modified":"2025-09-05T11:58:05","modified_gmt":"2025-09-05T11:58:05","slug":"hoga-kustens-gemensamma-cv-bank-gav-onskat-resultat","status":"publish","type":"page","link":"https:\/\/www.hkdest.se\/en\/hoga-kustens-gemensamma-cv-bank-gav-onskat-resultat\/","title":{"rendered":"H\u00f6ga Kustens gemensamma CV-bank gav \u00f6nskat resultat"},"content":{"rendered":"<div data-elementor-type=\"wp-page\" data-elementor-id=\"14604\" class=\"elementor elementor-14604\" data-elementor-post-type=\"page\">\n\t\t\t\t<main class=\"elementor-element elementor-element-a03e647 e-con-full e-flex e-con e-parent\" data-id=\"a03e647\" data-element_type=\"container\" data-e-type=\"container\">\n\t\t<section class=\"elementor-element elementor-element-eb2811c e-con-full e-flex e-con e-child\" data-id=\"eb2811c\" data-element_type=\"container\" data-e-type=\"container\" data-settings=\"{&quot;background_background&quot;:&quot;classic&quot;}\">\n\t\t<article class=\"elementor-element elementor-element-3c60f87 e-con-full e-flex elementor-invisible e-con e-child\" data-id=\"3c60f87\" data-element_type=\"container\" data-e-type=\"container\" data-settings=\"{&quot;animation&quot;:&quot;fadeIn&quot;}\">\n\t\t\t\t<div class=\"elementor-element elementor-element-1537338 elementor-align-center elementor-fixed elementor-hidden-tablet elementor-hidden-phone elementor-icon-list--layout-traditional elementor-list-item-link-full_width elementor-widget elementor-widget-icon-list\" data-id=\"1537338\" data-element_type=\"widget\" data-e-type=\"widget\" data-settings=\"{&quot;_position&quot;:&quot;fixed&quot;}\" data-widget_type=\"icon-list.default\">\n\t\t\t\t<div class=\"elementor-widget-container\">\n\t\t\t\t\t\t\t<ul class=\"elementor-icon-list-items\">\n\t\t\t\t\t\t\t<li class=\"elementor-icon-list-item\">\n\t\t\t\t\t\t\t\t\t\t\t<span class=\"elementor-icon-list-icon\">\n\t\t\t\t\t\t\t<i aria-hidden=\"true\" class=\"fab fa-facebook-f\"><\/i>\t\t\t\t\t\t<\/span>\n\t\t\t\t\t\t\t\t\t\t<span class=\"elementor-icon-list-text\"><\/span>\n\t\t\t\t\t\t\t\t\t<\/li>\n\t\t\t\t\t\t\t\t<li class=\"elementor-icon-list-item\">\n\t\t\t\t\t\t\t\t\t\t\t<span class=\"elementor-icon-list-icon\">\n\t\t\t\t\t\t\t<i aria-hidden=\"true\" class=\"fab fa-linkedin-in\"><\/i>\t\t\t\t\t\t<\/span>\n\t\t\t\t\t\t\t\t\t\t<span class=\"elementor-icon-list-text\"><\/span>\n\t\t\t\t\t\t\t\t\t<\/li>\n\t\t\t\t\t\t\t\t<li class=\"elementor-icon-list-item\">\n\t\t\t\t\t\t\t\t\t\t\t<span class=\"elementor-icon-list-icon\">\n\t\t\t\t\t\t\t<i aria-hidden=\"true\" class=\"fab fa-twitter\"><\/i>\t\t\t\t\t\t<\/span>\n\t\t\t\t\t\t\t\t\t\t<span class=\"elementor-icon-list-text\"><\/span>\n\t\t\t\t\t\t\t\t\t<\/li>\n\t\t\t\t\t\t\t\t<li class=\"elementor-icon-list-item\">\n\t\t\t\t\t\t\t\t\t\t\t<span class=\"elementor-icon-list-icon\">\n\t\t\t\t\t\t\t<i aria-hidden=\"true\" class=\"fab fa-youtube\"><\/i>\t\t\t\t\t\t<\/span>\n\t\t\t\t\t\t\t\t\t\t<span class=\"elementor-icon-list-text\"><\/span>\n\t\t\t\t\t\t\t\t\t<\/li>\n\t\t\t\t\t\t<\/ul>\n\t\t\t\t\t\t<\/div>\n\t\t\t\t<\/div>\n\t\t<div class=\"elementor-element elementor-element-cc7969c e-con-full e-flex e-con e-child\" data-id=\"cc7969c\" data-element_type=\"container\" data-e-type=\"container\">\n\t\t\t\t<div class=\"elementor-element elementor-element-fb5baa4 elementor-widget elementor-widget-heading\" data-id=\"fb5baa4\" data-element_type=\"widget\" data-e-type=\"widget\" data-widget_type=\"heading.default\">\n\t\t\t\t<div class=\"elementor-widget-container\">\n\t\t\t\t\t<div class=\"elementor-heading-title elementor-size-default\">Jobba &amp; lev i H\u00f6ga Kusten<\/div>\t\t\t\t<\/div>\n\t\t\t\t<\/div>\n\t\t\t\t<div class=\"elementor-element elementor-element-b82c8f1 elementor-widget elementor-widget-image\" data-id=\"b82c8f1\" data-element_type=\"widget\" data-e-type=\"widget\" data-widget_type=\"image.default\">\n\t\t\t\t<div class=\"elementor-widget-container\">\n\t\t\t\t\t\t\t\t\t\t\t\t\t\t\t<img decoding=\"async\" width=\"296\" height=\"6\" src=\"https:\/\/www.hkdest.se\/wp-content\/uploads\/2024\/10\/wave.png\" class=\"attachment-medium size-medium wp-image-12442\" alt=\"\" srcset=\"https:\/\/www.hkdest.se\/wp-content\/uploads\/2024\/10\/wave.png 296w, https:\/\/www.hkdest.se\/wp-content\/uploads\/2024\/10\/wave-18x1.png 18w\" sizes=\"(max-width: 296px) 100vw, 296px\" \/>\t\t\t\t\t\t\t\t\t\t\t\t\t\t\t<\/div>\n\t\t\t\t<\/div>\n\t\t\t\t<\/div>\n\t\t\t\t<div class=\"elementor-element elementor-element-3b2aff0 elementor-widget elementor-widget-heading\" data-id=\"3b2aff0\" data-element_type=\"widget\" data-e-type=\"widget\" data-widget_type=\"heading.default\">\n\t\t\t\t<div class=\"elementor-widget-container\">\n\t\t\t\t\t<h1 class=\"elementor-heading-title elementor-size-default\">H\u00f6ga Kustens gemensamma CV-bank gav \u00f6nskat resultat<\/h1>\t\t\t\t<\/div>\n\t\t\t\t<\/div>\n\t\t\t\t<div class=\"elementor-element elementor-element-380384f elementor-widget elementor-widget-text-editor\" data-id=\"380384f\" data-element_type=\"widget\" data-e-type=\"widget\" data-widget_type=\"text-editor.default\">\n\t\t\t\t<div class=\"elementor-widget-container\">\n\t\t\t\t\t\t\t\t\t<p>Fredrik Bj\u00f6rk, restaurangchef p\u00e5 Hotell H\u00f6ga Kusten och Bj\u00f6rkudden, anv\u00e4nder det digitala rekryteringsverktyget Recruto. Verktyget har blivit en bra resurs f\u00f6r att snabbt hitta r\u00e4tt kompetens.<\/p>\t\t\t\t\t\t\t\t<\/div>\n\t\t\t\t<\/div>\n\t\t\t\t<\/article>\n\t\t<article class=\"elementor-element elementor-element-65a3165 e-con-full e-flex e-con e-child\" data-id=\"65a3165\" data-element_type=\"container\" data-e-type=\"container\" data-settings=\"{&quot;background_background&quot;:&quot;classic&quot;}\">\n\t\t\t\t<\/article>\n\t\t\t\t<\/section>\n\t\t<section class=\"elementor-element elementor-element-594569d e-flex e-con-boxed e-con e-child\" data-id=\"594569d\" data-element_type=\"container\" data-e-type=\"container\" data-settings=\"{&quot;background_background&quot;:&quot;classic&quot;}\">\n\t\t\t\t\t<div class=\"e-con-inner\">\n\t\t\t\t<div class=\"elementor-element elementor-element-aef00ab elementor-widget elementor-widget-text-editor\" data-id=\"aef00ab\" data-element_type=\"widget\" data-e-type=\"widget\" data-widget_type=\"text-editor.default\">\n\t\t\t\t<div class=\"elementor-widget-container\">\n\t\t\t\t\t\t\t\t\t<p>Restaurangchefen Fredrik har stort st\u00f6d i det digitala verktyget Recruto, finansierad av projektet Din lots till H\u00f6ga Kusten. Under sommaren, n\u00e4r personalbehovet \u00f6kar och styrkan g\u00e5r fr\u00e5n 40 till 80 anst\u00e4llda, har CV-banken blivit ett bra hj\u00e4lpmedel.<\/p><p>Att hitta r\u00e4tt kompetens kan vara sv\u00e5rt, s\u00e4rskilt f\u00f6r kockar, men \u00e4ven f\u00f6r andra roller som exempelvis serveringspersonal.<\/p><p>\u2013 Jag fick h\u00f6ra talas om CV-banken och tyckte att det l\u00e4t som en sp\u00e4nnande m\u00f6jlighet, ber\u00e4ttar Fredrik. Det visade sig vara b\u00e5de. enkelt och praktiskt att anv\u00e4nda.<\/p><p>Med hj\u00e4lp av Recruto gick rekryteringsprocessen inf\u00f6r sommaren smidigare \u00e4n tidigare. Fredrik hittade flera intressanta kandidater som han tog kontakt med och anst\u00e4llde en servitris\/receptionist.<\/p><p>Han ser m\u00e5nga f\u00f6rdelar med verktyget och ser fram emot att det utvecklas vidare, s\u00e4rskilt m\u00f6jligheten att s\u00f6ka baserat p\u00e5 specifik roll snarare \u00e4n ett omr\u00e5de.<\/p><p>\u2013 Sj\u00e4lvklart kommer jag forts\u00e4tta anv\u00e4nda det, s\u00e4ger han. Jag h\u00e5ller kontinuerligt koll p\u00e5 nya CV:n som l\u00e4ggs in. Det underl\u00e4ttar f\u00f6r b\u00e5de arbetss\u00f6kande och f\u00f6retag i regionen och bidrar till H\u00f6ga Kustens utveckling.<\/p>\t\t\t\t\t\t\t\t<\/div>\n\t\t\t\t<\/div>\n\t\t\t\t<div class=\"elementor-element elementor-element-e0d4e56 elementor-widget elementor-widget-button\" data-id=\"e0d4e56\" data-element_type=\"widget\" data-e-type=\"widget\" data-widget_type=\"button.default\">\n\t\t\t\t<div class=\"elementor-widget-container\">\n\t\t\t\t\t\t\t\t\t<div class=\"elementor-button-wrapper\">\n\t\t\t\t\t<a class=\"elementor-button elementor-button-link elementor-size-md\" href=\"https:\/\/magasin.kramfors.se\/artiklar\/hoga-kusten-mot-nasta-niva-for-att-gemensamt-attrahera-kompetens\/\" target=\"_blank\">\n\t\t\t\t\t\t<span class=\"elementor-button-content-wrapper\">\n\t\t\t\t\t\t<span class=\"elementor-button-icon\">\n\t\t\t\t<i aria-hidden=\"true\" class=\"fas fa-arrow-right\"><\/i>\t\t\t<\/span>\n\t\t\t\t\t\t\t\t\t<span class=\"elementor-button-text\">L\u00e4s mer om CV-banken<\/span>\n\t\t\t\t\t<\/span>\n\t\t\t\t\t<\/a>\n\t\t\t\t<\/div>\n\t\t\t\t\t\t\t\t<\/div>\n\t\t\t\t<\/div>\n\t\t\t\t\t<\/div>\n\t\t\t\t<\/section>\n\t\t<section class=\"elementor-element elementor-element-59d95ab e-con-full e-flex e-con e-child\" data-id=\"59d95ab\" data-element_type=\"container\" data-e-type=\"container\" data-settings=\"{&quot;background_background&quot;:&quot;classic&quot;}\">\n\t\t<article class=\"elementor-element elementor-element-01f5df4 e-con-full e-flex e-con e-child\" data-id=\"01f5df4\" data-element_type=\"container\" data-e-type=\"container\" data-settings=\"{&quot;background_background&quot;:&quot;classic&quot;}\">\n\t\t<div class=\"elementor-element elementor-element-dbdac10 e-con-full e-flex e-con e-child\" data-id=\"dbdac10\" data-element_type=\"container\" data-e-type=\"container\">\n\t\t\t\t<div class=\"elementor-element elementor-element-1c610d8 elementor-widget elementor-widget-heading\" data-id=\"1c610d8\" data-element_type=\"widget\" data-e-type=\"widget\" data-widget_type=\"heading.default\">\n\t\t\t\t<div class=\"elementor-widget-container\">\n\t\t\t\t\t<h3 class=\"elementor-heading-title elementor-size-default\">Vill ni ocks\u00e5 f\u00e5 tillg\u00e5ng till Recruto?<\/h3>\t\t\t\t<\/div>\n\t\t\t\t<\/div>\n\t\t\t\t<div class=\"elementor-element elementor-element-803e0c8 elementor-widget elementor-widget-heading\" data-id=\"803e0c8\" data-element_type=\"widget\" data-e-type=\"widget\" data-widget_type=\"heading.default\">\n\t\t\t\t<div class=\"elementor-widget-container\">\n\t\t\t\t\t<div class=\"elementor-heading-title elementor-size-default\">Maila oss f\u00f6r att f\u00e5 en inloggning till systemet.<\/div>\t\t\t\t<\/div>\n\t\t\t\t<\/div>\n\t\t\t\t<\/div>\n\t\t\t\t<div class=\"elementor-element elementor-element-cd74d0a elementor-align-right elementor-tablet-align-center elementor-widget__width-initial elementor-widget elementor-widget-button\" data-id=\"cd74d0a\" data-element_type=\"widget\" data-e-type=\"widget\" data-widget_type=\"button.default\">\n\t\t\t\t<div class=\"elementor-widget-container\">\n\t\t\t\t\t\t\t\t\t<div class=\"elementor-button-wrapper\">\n\t\t\t\t\t<a class=\"elementor-button elementor-button-link elementor-size-md\" href=\"mailto:info@jobbaochlev.se?subject=Inloggning%20till%20Recruto\" target=\"_blank\">\n\t\t\t\t\t\t<span class=\"elementor-button-content-wrapper\">\n\t\t\t\t\t\t<span class=\"elementor-button-icon\">\n\t\t\t\t<i aria-hidden=\"true\" class=\"fas fa-arrow-right\"><\/i>\t\t\t<\/span>\n\t\t\t\t\t\t\t\t\t<span class=\"elementor-button-text\">Skicka mail<\/span>\n\t\t\t\t\t<\/span>\n\t\t\t\t\t<\/a>\n\t\t\t\t<\/div>\n\t\t\t\t\t\t\t\t<\/div>\n\t\t\t\t<\/div>\n\t\t\t\t<\/article>\n\t\t\t\t<\/section>\n\t\t\t\t<\/main>\n\t\t\t\t<\/div>","protected":false},"excerpt":{"rendered":"<p>Jobba &amp; lev i H\u00f6ga Kusten Fredrik Bj\u00f6rk, restaurangchef p\u00e5 Hotell H\u00f6ga Kusten och Bj\u00f6rkudden, anv\u00e4nder det digitala rekryteringsverktyget Recruto. Verktyget har blivit en bra resurs f\u00f6r att snabbt hitta r\u00e4tt kompetens. Restaurangchefen Fredrik har stort st\u00f6d i det digitala verktyget Recruto, finansierad av projektet Din lots till H\u00f6ga Kusten. Under sommaren, n\u00e4r personalbehovet \u00f6kar [&hellip;]<\/p>\n","protected":false},"author":1,"featured_media":14637,"parent":0,"menu_order":0,"comment_status":"closed","ping_status":"closed","template":"elementor_header_footer","meta":{"inline_featured_image":false,"footnotes":""},"projekt":[],"kategori":[],"class_list":["post-14604","page","type-page","status-publish","has-post-thumbnail","hentry"],"yoast_head":"<!-- This site is optimized with the Yoast SEO plugin v27.4 - https:\/\/yoast.com\/product\/yoast-seo-wordpress\/ -->\n<title>H\u00f6ga Kustens gemensamma CV-bank gav \u00f6nskat resultat - H\u00f6ga Kusten Destinationsutveckling<\/title>\n<meta name=\"robots\" content=\"index, follow, max-snippet:-1, max-image-preview:large, max-video-preview:-1\" \/>\n<link rel=\"canonical\" href=\"https:\/\/www.hkdest.se\/en\/hoga-kustens-gemensamma-cv-bank-gav-onskat-resultat\/\" \/>\n<meta property=\"og:locale\" content=\"en_US\" \/>\n<meta property=\"og:type\" content=\"article\" \/>\n<meta property=\"og:title\" content=\"H\u00f6ga Kustens gemensamma CV-bank gav \u00f6nskat resultat - H\u00f6ga Kusten Destinationsutveckling\" \/>\n<meta property=\"og:description\" content=\"Jobba &amp; lev i H\u00f6ga Kusten Fredrik Bj\u00f6rk, restaurangchef p\u00e5 Hotell H\u00f6ga Kusten och Bj\u00f6rkudden, anv\u00e4nder det digitala rekryteringsverktyget Recruto. Verktyget har blivit en bra resurs f\u00f6r att snabbt hitta r\u00e4tt kompetens. Restaurangchefen Fredrik har stort st\u00f6d i det digitala verktyget Recruto, finansierad av projektet Din lots till H\u00f6ga Kusten. Under sommaren, n\u00e4r personalbehovet \u00f6kar [&hellip;]\" \/>\n<meta property=\"og:url\" content=\"https:\/\/www.hkdest.se\/en\/hoga-kustens-gemensamma-cv-bank-gav-onskat-resultat\/\" \/>\n<meta property=\"og:site_name\" content=\"H\u00f6ga Kusten Destinationsutveckling\" \/>\n<meta property=\"article:publisher\" content=\"https:\/\/www.facebook.com\/hogakusten\" \/>\n<meta property=\"article:modified_time\" content=\"2025-09-05T11:58:05+00:00\" \/>\n<meta property=\"og:image\" content=\"https:\/\/www.hkdest.se\/wp-content\/uploads\/2024\/11\/fredrik-hotell-hoga-kusten3-1.jpg\" \/>\n\t<meta property=\"og:image:width\" content=\"900\" \/>\n\t<meta property=\"og:image:height\" content=\"900\" \/>\n\t<meta property=\"og:image:type\" content=\"image\/jpeg\" \/>\n<meta name=\"twitter:card\" content=\"summary_large_image\" \/>\n<meta name=\"twitter:label1\" content=\"Est. reading time\" \/>\n\t<meta name=\"twitter:data1\" content=\"2 minutes\" \/>\n<script type=\"application\/ld+json\" class=\"yoast-schema-graph\">{\"@context\":\"https:\\\/\\\/schema.org\",\"@graph\":[{\"@type\":\"WebPage\",\"@id\":\"https:\\\/\\\/www.hkdest.se\\\/hoga-kustens-gemensamma-cv-bank-gav-onskat-resultat\\\/\",\"url\":\"https:\\\/\\\/www.hkdest.se\\\/hoga-kustens-gemensamma-cv-bank-gav-onskat-resultat\\\/\",\"name\":\"H\u00f6ga Kustens gemensamma CV-bank gav \u00f6nskat resultat - H\u00f6ga Kusten Destinationsutveckling\",\"isPartOf\":{\"@id\":\"https:\\\/\\\/www.hkdest.se\\\/#website\"},\"primaryImageOfPage\":{\"@id\":\"https:\\\/\\\/www.hkdest.se\\\/hoga-kustens-gemensamma-cv-bank-gav-onskat-resultat\\\/#primaryimage\"},\"image\":{\"@id\":\"https:\\\/\\\/www.hkdest.se\\\/hoga-kustens-gemensamma-cv-bank-gav-onskat-resultat\\\/#primaryimage\"},\"thumbnailUrl\":\"https:\\\/\\\/www.hkdest.se\\\/wp-content\\\/uploads\\\/2024\\\/11\\\/fredrik-hotell-hoga-kusten3-1.jpg\",\"datePublished\":\"2024-11-14T07:57:55+00:00\",\"dateModified\":\"2025-09-05T11:58:05+00:00\",\"breadcrumb\":{\"@id\":\"https:\\\/\\\/www.hkdest.se\\\/hoga-kustens-gemensamma-cv-bank-gav-onskat-resultat\\\/#breadcrumb\"},\"inLanguage\":\"en-US\",\"potentialAction\":[{\"@type\":\"ReadAction\",\"target\":[\"https:\\\/\\\/www.hkdest.se\\\/hoga-kustens-gemensamma-cv-bank-gav-onskat-resultat\\\/\"]}]},{\"@type\":\"ImageObject\",\"inLanguage\":\"en-US\",\"@id\":\"https:\\\/\\\/www.hkdest.se\\\/hoga-kustens-gemensamma-cv-bank-gav-onskat-resultat\\\/#primaryimage\",\"url\":\"https:\\\/\\\/www.hkdest.se\\\/wp-content\\\/uploads\\\/2024\\\/11\\\/fredrik-hotell-hoga-kusten3-1.jpg\",\"contentUrl\":\"https:\\\/\\\/www.hkdest.se\\\/wp-content\\\/uploads\\\/2024\\\/11\\\/fredrik-hotell-hoga-kusten3-1.jpg\",\"width\":900,\"height\":900},{\"@type\":\"BreadcrumbList\",\"@id\":\"https:\\\/\\\/www.hkdest.se\\\/hoga-kustens-gemensamma-cv-bank-gav-onskat-resultat\\\/#breadcrumb\",\"itemListElement\":[{\"@type\":\"ListItem\",\"position\":1,\"name\":\"Hem\",\"item\":\"https:\\\/\\\/www.hkdest.se\\\/\"},{\"@type\":\"ListItem\",\"position\":2,\"name\":\"H\u00f6ga Kustens gemensamma CV-bank gav \u00f6nskat resultat\"}]},{\"@type\":\"WebSite\",\"@id\":\"https:\\\/\\\/www.hkdest.se\\\/#website\",\"url\":\"https:\\\/\\\/www.hkdest.se\\\/\",\"name\":\"H\u00f6ga Kusten Destinationsutveckling\",\"description\":\"Tillsammans bygger vi framtidens H\u00f6ga Kusten\",\"publisher\":{\"@id\":\"https:\\\/\\\/www.hkdest.se\\\/#organization\"},\"potentialAction\":[{\"@type\":\"SearchAction\",\"target\":{\"@type\":\"EntryPoint\",\"urlTemplate\":\"https:\\\/\\\/www.hkdest.se\\\/?s={search_term_string}\"},\"query-input\":{\"@type\":\"PropertyValueSpecification\",\"valueRequired\":true,\"valueName\":\"search_term_string\"}}],\"inLanguage\":\"en-US\"},{\"@type\":\"Organization\",\"@id\":\"https:\\\/\\\/www.hkdest.se\\\/#organization\",\"name\":\"H\u00f6ga Kusten Destinationsutveckling\",\"url\":\"https:\\\/\\\/www.hkdest.se\\\/\",\"logo\":{\"@type\":\"ImageObject\",\"inLanguage\":\"en-US\",\"@id\":\"https:\\\/\\\/www.hkdest.se\\\/#\\\/schema\\\/logo\\\/image\\\/\",\"url\":\"https:\\\/\\\/www.hkdest.se\\\/wp-content\\\/uploads\\\/2021\\\/10\\\/cropped-HK_Dest_LOGOTYP_color_liten_Rityta-1.png\",\"contentUrl\":\"https:\\\/\\\/www.hkdest.se\\\/wp-content\\\/uploads\\\/2021\\\/10\\\/cropped-HK_Dest_LOGOTYP_color_liten_Rityta-1.png\",\"width\":286,\"height\":300,\"caption\":\"H\u00f6ga Kusten Destinationsutveckling\"},\"image\":{\"@id\":\"https:\\\/\\\/www.hkdest.se\\\/#\\\/schema\\\/logo\\\/image\\\/\"},\"sameAs\":[\"https:\\\/\\\/www.facebook.com\\\/hogakusten\"]}]}<\/script>\n<!-- \/ Yoast SEO plugin. -->","yoast_head_json":{"title":"H\u00f6ga Kustens gemensamma CV-bank gav \u00f6nskat resultat - H\u00f6ga Kusten Destinationsutveckling","robots":{"index":"index","follow":"follow","max-snippet":"max-snippet:-1","max-image-preview":"max-image-preview:large","max-video-preview":"max-video-preview:-1"},"canonical":"https:\/\/www.hkdest.se\/en\/hoga-kustens-gemensamma-cv-bank-gav-onskat-resultat\/","og_locale":"en_US","og_type":"article","og_title":"H\u00f6ga Kustens gemensamma CV-bank gav \u00f6nskat resultat - H\u00f6ga Kusten Destinationsutveckling","og_description":"Jobba &amp; lev i H\u00f6ga Kusten Fredrik Bj\u00f6rk, restaurangchef p\u00e5 Hotell H\u00f6ga Kusten och Bj\u00f6rkudden, anv\u00e4nder det digitala rekryteringsverktyget Recruto. Verktyget har blivit en bra resurs f\u00f6r att snabbt hitta r\u00e4tt kompetens. Restaurangchefen Fredrik har stort st\u00f6d i det digitala verktyget Recruto, finansierad av projektet Din lots till H\u00f6ga Kusten. Under sommaren, n\u00e4r personalbehovet \u00f6kar [&hellip;]","og_url":"https:\/\/www.hkdest.se\/en\/hoga-kustens-gemensamma-cv-bank-gav-onskat-resultat\/","og_site_name":"H\u00f6ga Kusten Destinationsutveckling","article_publisher":"https:\/\/www.facebook.com\/hogakusten","article_modified_time":"2025-09-05T11:58:05+00:00","og_image":[{"width":900,"height":900,"url":"https:\/\/www.hkdest.se\/wp-content\/uploads\/2024\/11\/fredrik-hotell-hoga-kusten3-1.jpg","type":"image\/jpeg"}],"twitter_card":"summary_large_image","twitter_misc":{"Est. reading time":"2 minutes"},"schema":{"@context":"https:\/\/schema.org","@graph":[{"@type":"WebPage","@id":"https:\/\/www.hkdest.se\/hoga-kustens-gemensamma-cv-bank-gav-onskat-resultat\/","url":"https:\/\/www.hkdest.se\/hoga-kustens-gemensamma-cv-bank-gav-onskat-resultat\/","name":"H\u00f6ga Kustens gemensamma CV-bank gav \u00f6nskat resultat - H\u00f6ga Kusten Destinationsutveckling","isPartOf":{"@id":"https:\/\/www.hkdest.se\/#website"},"primaryImageOfPage":{"@id":"https:\/\/www.hkdest.se\/hoga-kustens-gemensamma-cv-bank-gav-onskat-resultat\/#primaryimage"},"image":{"@id":"https:\/\/www.hkdest.se\/hoga-kustens-gemensamma-cv-bank-gav-onskat-resultat\/#primaryimage"},"thumbnailUrl":"https:\/\/www.hkdest.se\/wp-content\/uploads\/2024\/11\/fredrik-hotell-hoga-kusten3-1.jpg","datePublished":"2024-11-14T07:57:55+00:00","dateModified":"2025-09-05T11:58:05+00:00","breadcrumb":{"@id":"https:\/\/www.hkdest.se\/hoga-kustens-gemensamma-cv-bank-gav-onskat-resultat\/#breadcrumb"},"inLanguage":"en-US","potentialAction":[{"@type":"ReadAction","target":["https:\/\/www.hkdest.se\/hoga-kustens-gemensamma-cv-bank-gav-onskat-resultat\/"]}]},{"@type":"ImageObject","inLanguage":"en-US","@id":"https:\/\/www.hkdest.se\/hoga-kustens-gemensamma-cv-bank-gav-onskat-resultat\/#primaryimage","url":"https:\/\/www.hkdest.se\/wp-content\/uploads\/2024\/11\/fredrik-hotell-hoga-kusten3-1.jpg","contentUrl":"https:\/\/www.hkdest.se\/wp-content\/uploads\/2024\/11\/fredrik-hotell-hoga-kusten3-1.jpg","width":900,"height":900},{"@type":"BreadcrumbList","@id":"https:\/\/www.hkdest.se\/hoga-kustens-gemensamma-cv-bank-gav-onskat-resultat\/#breadcrumb","itemListElement":[{"@type":"ListItem","position":1,"name":"Hem","item":"https:\/\/www.hkdest.se\/"},{"@type":"ListItem","position":2,"name":"H\u00f6ga Kustens gemensamma CV-bank gav \u00f6nskat resultat"}]},{"@type":"WebSite","@id":"https:\/\/www.hkdest.se\/#website","url":"https:\/\/www.hkdest.se\/","name":"H\u00f6ga Kusten Destinationsutveckling","description":"Tillsammans bygger vi framtidens H\u00f6ga Kusten","publisher":{"@id":"https:\/\/www.hkdest.se\/#organization"},"potentialAction":[{"@type":"SearchAction","target":{"@type":"EntryPoint","urlTemplate":"https:\/\/www.hkdest.se\/?s={search_term_string}"},"query-input":{"@type":"PropertyValueSpecification","valueRequired":true,"valueName":"search_term_string"}}],"inLanguage":"en-US"},{"@type":"Organization","@id":"https:\/\/www.hkdest.se\/#organization","name":"H\u00f6ga Kusten Destinationsutveckling","url":"https:\/\/www.hkdest.se\/","logo":{"@type":"ImageObject","inLanguage":"en-US","@id":"https:\/\/www.hkdest.se\/#\/schema\/logo\/image\/","url":"https:\/\/www.hkdest.se\/wp-content\/uploads\/2021\/10\/cropped-HK_Dest_LOGOTYP_color_liten_Rityta-1.png","contentUrl":"https:\/\/www.hkdest.se\/wp-content\/uploads\/2021\/10\/cropped-HK_Dest_LOGOTYP_color_liten_Rityta-1.png","width":286,"height":300,"caption":"H\u00f6ga Kusten Destinationsutveckling"},"image":{"@id":"https:\/\/www.hkdest.se\/#\/schema\/logo\/image\/"},"sameAs":["https:\/\/www.facebook.com\/hogakusten"]}]}},"_links":{"self":[{"href":"https:\/\/www.hkdest.se\/en\/wp-json\/wp\/v2\/pages\/14604","targetHints":{"allow":["GET"]}}],"collection":[{"href":"https:\/\/www.hkdest.se\/en\/wp-json\/wp\/v2\/pages"}],"about":[{"href":"https:\/\/www.hkdest.se\/en\/wp-json\/wp\/v2\/types\/page"}],"author":[{"embeddable":true,"href":"https:\/\/www.hkdest.se\/en\/wp-json\/wp\/v2\/users\/1"}],"replies":[{"embeddable":true,"href":"https:\/\/www.hkdest.se\/en\/wp-json\/wp\/v2\/comments?post=14604"}],"version-history":[{"count":19,"href":"https:\/\/www.hkdest.se\/en\/wp-json\/wp\/v2\/pages\/14604\/revisions"}],"predecessor-version":[{"id":15415,"href":"https:\/\/www.hkdest.se\/en\/wp-json\/wp\/v2\/pages\/14604\/revisions\/15415"}],"wp:featuredmedia":[{"embeddable":true,"href":"https:\/\/www.hkdest.se\/en\/wp-json\/wp\/v2\/media\/14637"}],"wp:attachment":[{"href":"https:\/\/www.hkdest.se\/en\/wp-json\/wp\/v2\/media?parent=14604"}],"wp:term":[{"taxonomy":"projekt","embeddable":true,"href":"https:\/\/www.hkdest.se\/en\/wp-json\/wp\/v2\/projekt?post=14604"},{"taxonomy":"kategori","embeddable":true,"href":"https:\/\/www.hkdest.se\/en\/wp-json\/wp\/v2\/kategori?post=14604"}],"curies":[{"name":"wp","href":"https:\/\/api.w.org\/{rel}","templated":true}]}}